{"id":261863,"date":"2020-03-05T15:43:39","date_gmt":"2020-03-05T15:43:39","guid":{"rendered":"https:\/\/staging.huehelp.org\/?page_id=261863"},"modified":"2024-08-29T23:33:38","modified_gmt":"2024-08-29T23:33:38","slug":"who-we-are","status":"publish","type":"page","link":"https:\/\/huehelp.org\/vi\/who-we-are\/","title":{"rendered":"Who we are"},"content":{"rendered":"<p>[et_pb_section fb_built=&#8221;1&#8243; fullwidth=&#8221;on&#8221; _builder_version=&#8221;4.16&#8243; global_colors_info=&#8221;{}&#8221;][et_pb_fullwidth_slider _builder_version=&#8221;4.16&#8243; header_font=&#8221;Noto Sans||||||||&#8221; body_font=&#8221;Noto Sans||||||||&#8221; custom_button=&#8221;on&#8221; button_font=&#8221;Noto Sans||||||||&#8221; custom_padding=&#8221;244px||295px|||&#8221; global_colors_info=&#8221;{}&#8221;][et_pb_slide heading=&#8221;V\u1ec1 T\u1ed5 ch\u1ee9c Hue Help&#8221; use_bg_overlay=&#8221;on&#8221; _builder_version=&#8221;4.16&#8243; background_color=&#8221;#0c71c3&#8243; background_enable_color=&#8221;on&#8221; background_image=&#8221;https:\/\/staging.huehelp.org\/wp-content\/uploads\/2020\/01\/sfs14.jpg&#8221; background_enable_image=&#8221;on&#8221; parallax=&#8221;on&#8221; global_colors_info=&#8221;{}&#8221; sticky_transition=&#8221;on&#8221;][\/et_pb_slide][\/et_pb_fullwidth_slider][\/et_pb_section][et_pb_section fb_built=&#8221;1&#8243; _builder_version=&#8221;4.16&#8243; custom_padding=&#8221;23px||48px|||&#8221; global_colors_info=&#8221;{}&#8221;][et_pb_row _builder_version=&#8221;4.16&#8243; custom_padding=&#8221;15px|||||&#8221; global_colors_info=&#8221;{}&#8221;][et_pb_column type=&#8221;4_4&#8243; _builder_version=&#8221;4.16&#8243; global_colors_info=&#8221;{}&#8221;][et_pb_text _builder_version=&#8221;4.16&#8243; custom_padding=&#8221;25px|||||&#8221; global_colors_info=&#8221;{}&#8221;]<\/p>\n<h2 style=\"text-align: center;\"><span style=\"font-size: xx-large; color: #0c71c3;\"><strong>V\u1ec1 T\u1ed5 ch\u1ee9c Hue Help<\/strong><\/span><\/h2>\n<p><strong><\/strong><\/p>\n<p>[\/et_pb_text][\/et_pb_column][\/et_pb_row][et_pb_row _builder_version=&#8221;4.16&#8243; global_colors_info=&#8221;{}&#8221;][et_pb_column type=&#8221;4_4&#8243; _builder_version=&#8221;4.16&#8243; global_colors_info=&#8221;{}&#8221;][et_pb_text _builder_version=&#8221;4.16&#8243; custom_margin=&#8221;||2px|||&#8221; global_colors_info=&#8221;{}&#8221;]<\/p>\n<p>Hue Help \u0111\u01b0\u1ee3c th\u00e0nh l\u1eadp v\u00e0o th\u00e1ng 7 n\u0103m 2006 v\u00e0 \u0111\u01b0\u1ee3c \u0111\u0103ng k\u00fd v\u1edbi \u1ee6y ban T\u1eeb thi\u1ec7n n\u01b0\u1edbc Anh v\u00e0 x\u1ee9 Wales v\u00e0o th\u00e1ng 12 n\u0103m 2006. Hue Help \u0111\u01b0\u1ee3c th\u00e0nh l\u1eadp nh\u01b0 m\u1ed9t t\u1ed5 ch\u1ee9c c\u01a1 s\u1edf nh\u1eb1m gi\u1ea3i quy\u1ebft c\u00e1c th\u00e1ch th\u1ee9c v\u1ec1 s\u1ee9c kh\u1ecfe, gi\u00e1o d\u1ee5c v\u00e0 an to\u00e0n cho tr\u1ebb em \u1edf t\u1ec9nh Th\u1eeba Thi\u00ean Hu\u1ebf. M\u1ee5c ti\u00eau c\u1ee7a ch\u00fang t\u00f4i l\u00e0 c\u1ea3i thi\u1ec7n s\u1ee9c kh\u1ecfe, gi\u00e1o d\u1ee5c v\u00e0 t\u01b0\u01a1ng lai cho tr\u1ebb em c\u00f3 ho\u00e0n c\u1ea3nh kh\u00f3 kh\u0103n t\u1ea1i Vi\u1ec7t Nam. K\u1ec3 t\u1eeb khi th\u00e0nh l\u1eadp, ch\u00fang t\u00f4i \u0111\u00e3 ph\u00e1t tri\u1ec3n c\u1ea3 v\u1ec1 quy m\u00f4 v\u00e0 n\u0103ng l\u1ef1c, v\u00e0 hi\u1ec7n \u0111ang th\u1ef1c hi\u1ec7n c\u00e1c ch\u01b0\u01a1ng tr\u00ecnh t\u1ea1i nhi\u1ec1u t\u1ec9nh th\u00e0nh \u1edf Vi\u1ec7t Nam, h\u1ee3p t\u00e1c v\u1edbi ch\u00ednh quy\u1ec1n c\u0169ng nh\u01b0 c\u00e1c t\u1ed5 ch\u1ee9c \u1edf \u0111\u1ecba ph\u01b0\u01a1ng v\u00e0 qu\u1ed1c gia.<\/p>\n<p>Ch\u00fang t\u00f4i mong mu\u1ed1n ng\u01b0\u1eddi d\u00e2n \u0111\u1ecba ph\u01b0\u01a1ng l\u00e0 \u0111\u1ed9ng l\u1ef1c th\u00fac \u0111\u1ea9y c\u00e1c ho\u1ea1t \u0111\u1ed9ng c\u1ee7a ch\u00fang t\u00f4i t\u1ea1i Vi\u1ec7t Nam. Ch\u00fang t\u00f4i s\u1eed d\u1ee5ng c\u00e1c chuy\u00ean gia \u0111\u1ecba ph\u01b0\u01a1ng, v\u00e0 \u00e1p d\u1ee5ng c\u00e1c ph\u01b0\u01a1ng ph\u00e1p ch\u00fa tr\u1ecdng s\u1ef1 tham gia \u0111\u1ec3 \u0111\u1ea3m b\u1ea3o \u0111\u1ed1i t\u01b0\u1ee3ng \u0111\u01b0\u1ee3c gi\u00fap \u0111\u1ee1 l\u00e0 trung t\u00e2m c\u1ee7a s\u1ef1 ph\u00e1t tri\u1ec3n ch\u01b0\u01a1ng tr\u00ecnh c\u1ee7a ch\u00fang t\u00f4i.<\/p>\n<p>Ch\u00fang t\u00f4i l\u00e0 m\u1ed9t t\u1ed5 ch\u1ee9c phi l\u1ee3i nhu\u1eadn, phi ch\u00ednh tr\u1ecb v\u00e0 phi t\u00f4n gi\u00e1o. Ch\u00fang t\u00f4i ho\u1ea1t \u0111\u1ed9ng d\u1ef1a v\u00e0o s\u1ef1 h\u1ed7 tr\u1ee3 h\u00e0o ph\u00f3ng c\u1ee7a c\u00e1c nh\u00e0 t\u00e0i tr\u1ee3 \u0111\u1ec3 \u0111\u1ea3m b\u1ea3o c\u00f3 th\u1ec3 ti\u1ebfp t\u1ee5c t\u1ea1o ra s\u1ef1 kh\u00e1c bi\u1ec7t cho cu\u1ed9c s\u1ed1ng c\u1ee7a tr\u1ebb em \u1edf Vi\u1ec7t Nam.<\/p>\n<p>[\/et_pb_text][\/et_pb_column][\/et_pb_row][\/et_pb_section][et_pb_section fb_built=&#8221;1&#8243; _builder_version=&#8221;4.16&#8243; background_color=&#8221;#d3d3d3&#8243; custom_padding=&#8221;45px||6px|||&#8221; global_colors_info=&#8221;{}&#8221;][et_pb_row _builder_version=&#8221;4.16&#8243; custom_margin=&#8221;-17px|auto||auto||&#8221; global_colors_info=&#8221;{}&#8221;][et_pb_column type=&#8221;4_4&#8243; _builder_version=&#8221;4.16&#8243; global_colors_info=&#8221;{}&#8221;][et_pb_text _builder_version=&#8221;4.16&#8243; custom_padding=&#8221;25px|||||&#8221; global_colors_info=&#8221;{}&#8221;]<\/p>\n<h2 style=\"text-align: center;\"><span color=\"#0c71c3\" size=\"6\" style=\"color: #0c71c3; font-size: xx-large;\">Ch\u00fang t\u00f4i l\u00e0m g\u00ec<\/span><\/h2>\n<p><strong><\/strong><\/p>\n<p>[\/et_pb_text][\/et_pb_column][\/et_pb_row][et_pb_row column_structure=&#8221;3_5,2_5&#8243; _builder_version=&#8221;4.16&#8243; custom_padding=&#8221;44px||0px|||&#8221; global_colors_info=&#8221;{}&#8221;][et_pb_column type=&#8221;3_5&#8243; _builder_version=&#8221;4.16&#8243; global_colors_info=&#8221;{}&#8221;][et_pb_text _builder_version=&#8221;4.16&#8243; global_colors_info=&#8221;{}&#8221;]<\/p>\n<h2><span style=\"color: #0c71c3;\"><strong>D\u1ef1 \u00e1n B\u01a1i An To\u00e0n<br \/><\/strong><\/span><\/h2>\n<p>\u0110u\u1ed1i n\u01b0\u1edbc l\u00e0 nguy\u00ean nh\u00e2n t\u1eed vong h\u00e0ng \u0111\u1ea7u \u1edf tr\u1ebb em t\u1ea1i Vi\u1ec7t Nam. M\u1ed7i n\u0103m c\u00f3 h\u01a1n 2,000 tr\u1ebb em b\u1ecb \u0111u\u1ed1i n\u01b0\u1edbc \u1edf Vi\u1ec7t Nam. \u0110u\u1ed1i n\u01b0\u1edbc gi\u1ebft ch\u1ebft nhi\u1ec1u tr\u1ebb em h\u01a1n b\u1ea5t k\u1ef3 c\u0103n b\u1ec7nh ho\u1eb7c nhi\u1ec5m tr\u00f9ng \u0111\u01a1n l\u1ebb n\u00e0o &#8211; nhi\u1ec1u h\u01a1n c\u1ea3 S\u1ed1t r\u00e9t, lao, HIV \/ AIDS, s\u1ed1t xu\u1ea5t huy\u1ebft v\u00e0 suy dinh d\u01b0\u1ee1ng c\u1ed9ng l\u1ea1i.<\/p>\n<p>D\u1ef1 \u00e1n B\u01a1i An To\u00e0n \u0111\u00e0o t\u1ea1o gi\u00e1o vi\u00ean c\u00e1c tr\u01b0\u1eddng h\u1ecdc tr\u1edf th\u00e0nh gi\u00e1o vi\u00ean d\u1ea1y b\u01a1i, nh\u1eefng gi\u00e1o vi\u00ean n\u00e0y s\u1ebd ti\u1ebfp t\u1ee5c \u0111\u00e0o t\u1ea1o cho c\u00e1c em nh\u1eadn th\u1ee9c v\u1ec1 an to\u00e0n n\u01b0\u1edbc v\u00e0 k\u1ef9 n\u0103ng b\u01a1i sinh t\u1ed3n.<\/p>\n<p>Ch\u00fang t\u00f4i \u0111\u00e3 \u0111\u00e0o t\u1ea1o tr\u00ean <strong>600 gi\u00e1o vi\u00ean<\/strong> v\u00e0 tr\u00ean<strong> 16.000 tr\u1ebb em<\/strong>. Ch\u00fang t\u00f4i r\u1ea5t t\u1ef1 h\u00e0o v\u1ec1 nh\u1eefng th\u00e0nh t\u1ef1u m\u00e0 ch\u00fang t\u00f4i \u0111\u1ea1t \u0111\u01b0\u1ee3c, nh\u01b0ng ch\u00fang t\u00f4i c\u1ea7n s\u1ef1 h\u1ed7 tr\u1ee3 c\u1ee7a c\u00e1c b\u1ea1n \u0111\u1ec3 ti\u1ebfp t\u1ee5c gi\u00fap \u0111\u1ee1 c\u00e1c em \u0111\u01b0\u1ee3c an to\u00e0n \u1edf m\u00f4i tr\u01b0\u1eddng n\u01b0\u1edbc.<\/p>\n<p>[\/et_pb_text][et_pb_button button_text=&#8221;Xem Th\u00eam&#8221; _builder_version=&#8221;4.16&#8243; custom_button=&#8221;on&#8221; button_text_color=&#8221;#ffffff&#8221; button_bg_color=&#8221;#0c71c3&#8243; background_layout=&#8221;dark&#8221; global_colors_info=&#8221;{}&#8221;][\/et_pb_button][\/et_pb_column][et_pb_column type=&#8221;2_5&#8243; _builder_version=&#8221;4.16&#8243; global_colors_info=&#8221;{}&#8221;][et_pb_image src=&#8221;https:\/\/staging.huehelp.org\/wp-content\/uploads\/2020\/01\/sfs11-300&#215;287.png&#8221; _builder_version=&#8221;4.16&#8243; global_colors_info=&#8221;{}&#8221;][\/et_pb_image][\/et_pb_column][\/et_pb_row][et_pb_row column_structure=&#8221;3_5,2_5&#8243; _builder_version=&#8221;4.16&#8243; custom_padding=&#8221;44px||11px|||&#8221; global_colors_info=&#8221;{}&#8221;][et_pb_column type=&#8221;3_5&#8243; _builder_version=&#8221;4.16&#8243; global_colors_info=&#8221;{}&#8221;][et_pb_text _builder_version=&#8221;4.16&#8243; global_colors_info=&#8221;{}&#8221;]<\/p>\n<h2><span style=\"color: #0c71c3;\"><strong>Trung T\u00e2m B\u1ea3o Tr\u1ee3 Tr\u1ebb Em<br \/> <\/strong><\/span><\/h2>\n<p><span style=\"font-size: medium;\">Trung t\u00e2m B\u1ea3o tr\u1ee3 Tr\u1ebb em Hu\u1ebf l\u00e0 ng\u00f4i nh\u00e0 c\u1ee7a c\u00e1c em kh\u00f4ng c\u00f3 b\u1ed1 m\u1eb9 ho\u1eb7c gia \u0111\u00ecnh kh\u00f4ng c\u00f3 kh\u1ea3 n\u0103ng ch\u0103m s\u00f3c.<\/span><\/p>\n<p><span style=\"font-size: medium;\">K\u1ec3 t\u1eeb n\u0103m 2006, ch\u00fang t\u00f4i \u0111\u00e3 h\u1ed7 tr\u1ee3 v\u1ec1 gi\u00e1o d\u1ee5c, \u0111\u1ecbnh h\u01b0\u1edbng ngh\u1ec1 nghi\u1ec7p, t\u1eadp hu\u1ea5n k\u1ef9 n\u0103ng s\u1ed1ng, h\u1ecdc b\u1ed5ng \u0111\u1ea1i h\u1ecdc v\u00e0 t\u1ed5 ch\u1ee9c c\u00e1c ho\u1ea1t \u0111\u1ed9ng vui ch\u01a1i cho c\u00e1c em. M\u1ee5c ti\u00eau c\u1ee7a ch\u00fang t\u00f4i l\u00e0 mang \u0111\u1ebfn s\u1ef1 h\u1ed7 tr\u1ee3 t\u1ed1t nh\u1ea5t \u0111\u1ec3 c\u00e1c em \u1edf Trung t\u00e2m B\u1ea3o tr\u1ee3 Tr\u1ebb em Hu\u1ebf c\u00f3 m\u1ed9t tu\u1ed5i th\u01a1 an l\u00e0nh v\u00e0 m\u1ed9t t\u01b0\u01a1ng lai t\u01b0\u01a1ng s\u00e1ng, t\u1ef1 ch\u1ee7.<\/span><\/p>\n<p>[\/et_pb_text][et_pb_button button_text=&#8221;Xem Th\u00eam&#8221; _builder_version=&#8221;4.16&#8243; custom_button=&#8221;on&#8221; button_text_color=&#8221;#ffffff&#8221; button_bg_color=&#8221;#0c71c3&#8243; background_layout=&#8221;dark&#8221; global_colors_info=&#8221;{}&#8221;][\/et_pb_button][\/et_pb_column][et_pb_column type=&#8221;2_5&#8243; _builder_version=&#8221;4.16&#8243; global_colors_info=&#8221;{}&#8221;][et_pb_image src=&#8221;https:\/\/staging.huehelp.org\/wp-content\/uploads\/2020\/01\/hcs2-300&#215;300.png&#8221; _builder_version=&#8221;4.16&#8243; global_colors_info=&#8221;{}&#8221;][\/et_pb_image][\/et_pb_column][\/et_pb_row][\/et_pb_section][et_pb_section fb_built=&#8221;1&#8243; _builder_version=&#8221;4.16&#8243; custom_padding=&#8221;50px|||||&#8221; global_colors_info=&#8221;{}&#8221;][et_pb_row _builder_version=&#8221;4.16&#8243; global_colors_info=&#8221;{}&#8221;][et_pb_column type=&#8221;4_4&#8243; _builder_version=&#8221;4.16&#8243; global_colors_info=&#8221;{}&#8221;][et_pb_text _builder_version=&#8221;4.16&#8243; custom_padding=&#8221;25px|||||&#8221; global_colors_info=&#8221;{}&#8221;]<\/p>\n<h2 style=\"text-align: center;\"><span color=\"#0c71c3\" style=\"color: #0c71c3;\"><span style=\"font-size: 32px;\">\u0110\u0103ng k\u00fd ho\u1ea1t \u0111\u1ed9ng<\/span><\/span><\/h2>\n<p><strong><\/strong><\/p>\n<p>[\/et_pb_text][\/et_pb_column][\/et_pb_row][et_pb_row _builder_version=&#8221;4.16&#8243; global_colors_info=&#8221;{}&#8221;][et_pb_column type=&#8221;4_4&#8243; _builder_version=&#8221;4.16&#8243; global_colors_info=&#8221;{}&#8221;][et_pb_text _builder_version=&#8221;4.16&#8243; global_colors_info=&#8221;{}&#8221;]<\/p>\n<p>Hue Help l\u00e0 m\u1ed9t t\u1ed5 ch\u1ee9c t\u1eeb thi\u1ec7n \u0111\u00e3 \u0111\u0103ng k\u00fd \u1edf Anh v\u00e0 x\u1ee9 Wales v\u00e0 \u0111\u00e3 \u0111\u01b0\u1ee3c ch\u00ednh quy\u1ec1n c\u1ea5p ph\u00e9p \u0111i\u1ec1u h\u00e0nh c\u00e1c ch\u01b0\u01a1ng tr\u00ecnh t\u1eeb thi\u1ec7n \u1edf Vi\u1ec7t Nam<\/p>\n<p>[\/et_pb_text][\/et_pb_column][\/et_pb_row][et_pb_row _builder_version=&#8221;4.16&#8243; global_colors_info=&#8221;{}&#8221;][et_pb_column type=&#8221;4_4&#8243; _builder_version=&#8221;4.16&#8243; global_colors_info=&#8221;{}&#8221;][et_pb_accordion _builder_version=&#8221;4.16&#8243; global_colors_info=&#8221;{}&#8221;][et_pb_accordion_item title=&#8221;N\u01b0\u1edbc Anh v\u00e0 x\u1ee9 Wales &#8221; open=&#8221;on&#8221; _builder_version=&#8221;4.16&#8243; global_colors_info=&#8221;{}&#8221;]<\/p>\n<p>Hue Help \u0111\u00e3 \u0111\u0103ng k\u00fd ho\u1ea1t \u0111\u1ed9ng qua <a href=\"https:\/\/www.gov.uk\/government\/organisations\/charity-commission\">Hi\u1ec7p h\u1ed9i T\u1eeb thi\u1ec7n n\u01b0\u1edbc Anh v\u00e0 x\u1ee9 Wales<\/a>\u00a0 &#8211; s\u1ed1 \u0111\u0103ng k\u00fd 1117116.<\/p>\n<p>[\/et_pb_accordion_item][et_pb_accordion_item title=&#8221;Vi\u1ec7t Nam&#8221; _builder_version=&#8221;4.16&#8243; global_colors_info=&#8221;{}&#8221; open=&#8221;off&#8221;]<\/p>\n<p>Hue Help \u0111\u01b0\u1ee3c <a href=\"http:\/\/vufo.org.vn\/The-Peoples-Aid-Co-ordinating-Committee-PACCOM-03-442.html?lang=en\">Ban \u0111i\u1ec1u ph\u1ed1i vi\u1ec7n tr\u1ee3 nh\u00e2n d\u00e2n (PACCOM)<\/a> c\u1ea5p ph\u00e9p t\u1ed5 ch\u1ee9c v\u00e0 \u0111i\u1ec1u h\u00e0nh c\u00e1c ho\u1ea1t \u0111\u1ed9ng t\u1eeb thi\u1ec7n \u1edf Vi\u1ec7t Nam.<\/p>\n<p>[\/et_pb_accordion_item][\/et_pb_accordion][\/et_pb_column][\/et_pb_row][\/et_pb_section]<\/p>\n","protected":false},"excerpt":{"rendered":"<p>V\u1ec1 T\u1ed5 ch\u1ee9c Hue Help Hue Help \u0111\u01b0\u1ee3c th\u00e0nh l\u1eadp v\u00e0o th\u00e1ng 7 n\u0103m 2006 v\u00e0 \u0111\u01b0\u1ee3c \u0111\u0103ng k\u00fd v\u1edbi \u1ee6y ban T\u1eeb thi\u1ec7n n\u01b0\u1edbc Anh v\u00e0 x\u1ee9 Wales v\u00e0o th\u00e1ng 12 n\u0103m 2006. Hue Help \u0111\u01b0\u1ee3c th\u00e0nh l\u1eadp nh\u01b0 m\u1ed9t t\u1ed5 ch\u1ee9c c\u01a1 s\u1edf nh\u1eb1m gi\u1ea3i quy\u1ebft c\u00e1c th\u00e1ch th\u1ee9c v\u1ec1 s\u1ee9c kh\u1ecfe, gi\u00e1o [&hellip;]<\/p>\n","protected":false},"author":1,"featured_media":0,"parent":0,"menu_order":0,"comment_status":"closed","ping_status":"closed","template":"","meta":{"_et_pb_use_builder":"on","_et_pb_old_content":"","_et_gb_content_width":"","_monsterinsights_skip_tracking":false,"_monsterinsights_sitenote_active":false,"_monsterinsights_sitenote_note":"","_monsterinsights_sitenote_category":0,"footnotes":""},"class_list":["post-261863","page","type-page","status-publish","hentry"],"yoast_head":"<!-- This site is optimized with the Yoast SEO plugin v24.0 - https:\/\/yoast.com\/wordpress\/plugins\/seo\/ -->\n<title>Who we are - Hue Help<\/title>\n<meta name=\"robots\" content=\"index, follow, max-snippet:-1, max-image-preview:large, max-video-preview:-1\" \/>\n<link rel=\"canonical\" href=\"https:\/\/huehelp.org\/vi\/who-we-are\/\" \/>\n<meta property=\"og:locale\" content=\"vi_VN\" \/>\n<meta property=\"og:type\" content=\"article\" \/>\n<meta property=\"og:title\" content=\"Who we are - Hue Help\" \/>\n<meta property=\"og:description\" content=\"V\u1ec1 T\u1ed5 ch\u1ee9c Hue Help Hue Help \u0111\u01b0\u1ee3c th\u00e0nh l\u1eadp v\u00e0o th\u00e1ng 7 n\u0103m 2006 v\u00e0 \u0111\u01b0\u1ee3c \u0111\u0103ng k\u00fd v\u1edbi \u1ee6y ban T\u1eeb thi\u1ec7n n\u01b0\u1edbc Anh v\u00e0 x\u1ee9 Wales v\u00e0o th\u00e1ng 12 n\u0103m 2006. Hue Help \u0111\u01b0\u1ee3c th\u00e0nh l\u1eadp nh\u01b0 m\u1ed9t t\u1ed5 ch\u1ee9c c\u01a1 s\u1edf nh\u1eb1m gi\u1ea3i quy\u1ebft c\u00e1c th\u00e1ch th\u1ee9c v\u1ec1 s\u1ee9c kh\u1ecfe, gi\u00e1o [&hellip;]\" \/>\n<meta property=\"og:url\" content=\"https:\/\/huehelp.org\/vi\/who-we-are\/\" \/>\n<meta property=\"og:site_name\" content=\"Hue Help\" \/>\n<meta property=\"article:modified_time\" content=\"2024-08-29T23:33:38+00:00\" \/>\n<meta name=\"twitter:card\" content=\"summary_large_image\" \/>\n<meta name=\"twitter:label1\" content=\"Est. reading time\" \/>\n\t<meta name=\"twitter:data1\" content=\"8 minutes\" \/>\n<script type=\"application\/ld+json\" class=\"yoast-schema-graph\">{\"@context\":\"https:\/\/schema.org\",\"@graph\":[{\"@type\":\"WebPage\",\"@id\":\"https:\/\/huehelp.org\/vi\/who-we-are\/\",\"url\":\"https:\/\/huehelp.org\/vi\/who-we-are\/\",\"name\":\"Who we are - Hue Help\",\"isPartOf\":{\"@id\":\"https:\/\/huehelp.org\/vi\/#website\"},\"datePublished\":\"2020-03-05T15:43:39+00:00\",\"dateModified\":\"2024-08-29T23:33:38+00:00\",\"breadcrumb\":{\"@id\":\"https:\/\/huehelp.org\/vi\/who-we-are\/#breadcrumb\"},\"inLanguage\":\"vi-VN\",\"potentialAction\":[{\"@type\":\"ReadAction\",\"target\":[\"https:\/\/huehelp.org\/vi\/who-we-are\/\"]}]},{\"@type\":\"BreadcrumbList\",\"@id\":\"https:\/\/huehelp.org\/vi\/who-we-are\/#breadcrumb\",\"itemListElement\":[{\"@type\":\"ListItem\",\"position\":1,\"name\":\"Home\",\"item\":\"https:\/\/huehelp.org\/vi\/\"},{\"@type\":\"ListItem\",\"position\":2,\"name\":\"Who we are\"}]},{\"@type\":\"WebSite\",\"@id\":\"https:\/\/huehelp.org\/vi\/#website\",\"url\":\"https:\/\/huehelp.org\/vi\/\",\"name\":\"Hue Help\",\"description\":\"Hue Help Children&#039;s Charity in Vietnam\",\"potentialAction\":[{\"@type\":\"SearchAction\",\"target\":{\"@type\":\"EntryPoint\",\"urlTemplate\":\"https:\/\/huehelp.org\/vi\/?s={search_term_string}\"},\"query-input\":{\"@type\":\"PropertyValueSpecification\",\"valueRequired\":true,\"valueName\":\"search_term_string\"}}],\"inLanguage\":\"vi-VN\"}]}<\/script>\n<!-- \/ Yoast SEO plugin. -->","yoast_head_json":{"title":"Who we are - Hue Help","robots":{"index":"index","follow":"follow","max-snippet":"max-snippet:-1","max-image-preview":"max-image-preview:large","max-video-preview":"max-video-preview:-1"},"canonical":"https:\/\/huehelp.org\/vi\/who-we-are\/","og_locale":"vi_VN","og_type":"article","og_title":"Who we are - Hue Help","og_description":"V\u1ec1 T\u1ed5 ch\u1ee9c Hue Help Hue Help \u0111\u01b0\u1ee3c th\u00e0nh l\u1eadp v\u00e0o th\u00e1ng 7 n\u0103m 2006 v\u00e0 \u0111\u01b0\u1ee3c \u0111\u0103ng k\u00fd v\u1edbi \u1ee6y ban T\u1eeb thi\u1ec7n n\u01b0\u1edbc Anh v\u00e0 x\u1ee9 Wales v\u00e0o th\u00e1ng 12 n\u0103m 2006. Hue Help \u0111\u01b0\u1ee3c th\u00e0nh l\u1eadp nh\u01b0 m\u1ed9t t\u1ed5 ch\u1ee9c c\u01a1 s\u1edf nh\u1eb1m gi\u1ea3i quy\u1ebft c\u00e1c th\u00e1ch th\u1ee9c v\u1ec1 s\u1ee9c kh\u1ecfe, gi\u00e1o [&hellip;]","og_url":"https:\/\/huehelp.org\/vi\/who-we-are\/","og_site_name":"Hue Help","article_modified_time":"2024-08-29T23:33:38+00:00","twitter_card":"summary_large_image","twitter_misc":{"Est. reading time":"8 minutes"},"schema":{"@context":"https:\/\/schema.org","@graph":[{"@type":"WebPage","@id":"https:\/\/huehelp.org\/vi\/who-we-are\/","url":"https:\/\/huehelp.org\/vi\/who-we-are\/","name":"Who we are - Hue Help","isPartOf":{"@id":"https:\/\/huehelp.org\/vi\/#website"},"datePublished":"2020-03-05T15:43:39+00:00","dateModified":"2024-08-29T23:33:38+00:00","breadcrumb":{"@id":"https:\/\/huehelp.org\/vi\/who-we-are\/#breadcrumb"},"inLanguage":"vi-VN","potentialAction":[{"@type":"ReadAction","target":["https:\/\/huehelp.org\/vi\/who-we-are\/"]}]},{"@type":"BreadcrumbList","@id":"https:\/\/huehelp.org\/vi\/who-we-are\/#breadcrumb","itemListElement":[{"@type":"ListItem","position":1,"name":"Home","item":"https:\/\/huehelp.org\/vi\/"},{"@type":"ListItem","position":2,"name":"Who we are"}]},{"@type":"WebSite","@id":"https:\/\/huehelp.org\/vi\/#website","url":"https:\/\/huehelp.org\/vi\/","name":"Hue Help","description":"Hue Help Children&#039;s Charity in Vietnam","potentialAction":[{"@type":"SearchAction","target":{"@type":"EntryPoint","urlTemplate":"https:\/\/huehelp.org\/vi\/?s={search_term_string}"},"query-input":{"@type":"PropertyValueSpecification","valueRequired":true,"valueName":"search_term_string"}}],"inLanguage":"vi-VN"}]}},"_links":{"self":[{"href":"https:\/\/huehelp.org\/vi\/wp-json\/wp\/v2\/pages\/261863","targetHints":{"allow":["GET"]}}],"collection":[{"href":"https:\/\/huehelp.org\/vi\/wp-json\/wp\/v2\/pages"}],"about":[{"href":"https:\/\/huehelp.org\/vi\/wp-json\/wp\/v2\/types\/page"}],"author":[{"embeddable":true,"href":"https:\/\/huehelp.org\/vi\/wp-json\/wp\/v2\/users\/1"}],"replies":[{"embeddable":true,"href":"https:\/\/huehelp.org\/vi\/wp-json\/wp\/v2\/comments?post=261863"}],"version-history":[{"count":10,"href":"https:\/\/huehelp.org\/vi\/wp-json\/wp\/v2\/pages\/261863\/revisions"}],"predecessor-version":[{"id":263249,"href":"https:\/\/huehelp.org\/vi\/wp-json\/wp\/v2\/pages\/261863\/revisions\/263249"}],"wp:attachment":[{"href":"https:\/\/huehelp.org\/vi\/wp-json\/wp\/v2\/media?parent=261863"}],"curies":[{"name":"wp","href":"https:\/\/api.w.org\/{rel}","templated":true}]}}