{"id":262222,"date":"2020-04-07T04:09:32","date_gmt":"2020-04-07T04:09:32","guid":{"rendered":"https:\/\/staging.huehelp.org\/?page_id=262222"},"modified":"2020-08-07T07:43:00","modified_gmt":"2020-08-07T07:43:00","slug":"volunteer","status":"publish","type":"page","link":"https:\/\/huehelp.org\/vi\/volunteer\/","title":{"rendered":"Volunteer"},"content":{"rendered":"<p>[et_pb_section fb_built=&#8221;1&#8243; fullwidth=&#8221;on&#8221; _builder_version=&#8221;4.2.2&#8243;][et_pb_fullwidth_slider _builder_version=&#8221;4.5.3&#8243; header_font=&#8221;Noto Sans||||||||&#8221; body_font=&#8221;Noto Sans||||||||&#8221; custom_button=&#8221;on&#8221; button_font=&#8221;Noto Sans||||||||&#8221; custom_padding=&#8221;244px||295px|||&#8221; hover_enabled=&#8221;0&#8243;][et_pb_slide heading=&#8221;T\u00ecnh nguy\u1ec7n vi\u00ean&#8221; use_bg_overlay=&#8221;on&#8221; _builder_version=&#8221;4.5.3&#8243; background_color=&#8221;#0c71c3&#8243; background_enable_color=&#8221;on&#8221; background_image=&#8221;https:\/\/staging.huehelp.org\/wp-content\/uploads\/2020\/01\/SFS1.jpg&#8221; background_enable_image=&#8221;on&#8221; parallax=&#8221;on&#8221; hover_enabled=&#8221;0&#8243;]<\/p>\n<p>&nbsp;<\/p>\n<p><span style=\"font-size: 18px;\">C\u00f3 r\u1ea5t nhi\u1ec1u c\u00e1ch \u0111\u1ec3 tham gia ho\u1ea1t \u0111\u1ed9ng t\u00ecnh nguy\u1ec7n c\u00f9ng Hue Help!<\/span><\/p>\n<p>[\/et_pb_slide][\/et_pb_fullwidth_slider][\/et_pb_section][et_pb_section fb_built=&#8221;1&#8243; _builder_version=&#8221;4.4.2&#8243;][et_pb_row _builder_version=&#8221;4.4.2&#8243; custom_padding=&#8221;||26px|||&#8221;][et_pb_column type=&#8221;4_4&#8243; _builder_version=&#8221;4.4.2&#8243;][et_pb_text _builder_version=&#8221;4.5.3&#8243;]<\/p>\n<h1 style=\"text-align: center;\"><span style=\"color: #0c71c3;\"><br \/> T\u00ecnh nguy\u1ec7n vi\u00ean v\u1edbi Hue Help<\/span><\/h1>\n<p>\u00a0<span>Ch\u00fang t\u00f4i d\u1ef1a v\u00e0o s\u1ef1 h\u1ed7 tr\u1ee3 h\u00e0o ph\u00f3ng c\u1ee7a c\u00e1c t\u00ecnh nguy\u1ec7n vi\u00ean \u0111\u1ec3 ho\u1ea1t \u0111\u1ed9ng. N\u1ebfu kh\u00f4ng c\u00f3 c\u00e1c t\u00ecnh nguy\u1ec7n vi\u00ean, ch\u00fang t\u00f4i kh\u00f4ng th\u1ec3 th\u1ef1c hi\u1ec7n c\u00f4ng vi\u1ec7c c\u1ee7a m\u00ecnh!<\/span><\/p>\n<p><span style=\"font-size: medium; color: #0c71c3;\"><strong>V\u1ecb tr\u00ed \u0111ang tuy\u1ec3n d\u1ee5ng t\u1ea1i V\u01b0\u01a1ng qu\u1ed1c Anh<\/strong><\/span><\/p>\n<p><span style=\"font-size: medium;\"><strong>Th\u1ee7 qu\u1ef9<br \/><\/strong><span>Ch\u00fang t\u00f4i \u0111ang t\u00ecm ki\u1ebfm m\u1ed9t \u1ee9ng vi\u00ean cho v\u1ecb tr\u00ed Th\u1ee7 qu\u1ef9 t\u1ea1i Hue Help. V\u1ecb tr\u00ed n\u00e0y li\u00ean quan \u0111\u1ebfn vi\u1ec7c gi\u00e1m s\u00e1t t\u00e0i ch\u00ednh, l\u00e0m c\u00e1c b\u00e1o c\u00e1o th\u01b0\u1eddng xuy\u00ean v\u00e0 ho\u00e0n th\u00e0nh b\u00e1o c\u00e1o t\u00e0i ch\u00ednh h\u00e0ng n\u0103m theo c\u00e1c quy \u0111\u1ecbnh c\u1ee7a \u1ee6y ban T\u1eeb thi\u1ec7n c\u1ee7a c\u1ee7a n\u01b0\u1edbc Anh v\u00e0 Wales. \u0110\u1ec3 n\u1ed9p h\u1ed3 s\u01a1 cho v\u1ecb tr\u00ed n\u00e0y, b\u1ea1n ph\u1ea3i s\u1ed1ng \u1edf Anh, tr\u00ean 18 tu\u1ed5i, c\u00f3 l\u00fd l\u1ecbch t\u01b0 ph\u00e1p s\u1ea1ch v\u00e0 c\u00f3 kinh nghi\u1ec7m v\u1ec1 k\u1ebf to\u00e1n. Kinh nghi\u1ec7m trong m\u1ed9t vai tr\u00f2 t\u01b0\u01a1ng t\u1ef1 \u0111\u01b0\u1ee3c \u0111\u00e1nh gi\u00e1 r\u1ea5t cao. \u0110\u1ec3 \u1ee9ng tuy\u1ec3n, vui l\u00f2ng g\u1eedi \u0110\u01a1n xin vi\u1ec7c v\u00e0 S\u01a1 y\u1ebfu l\u00fd l\u1ecbch cho ch\u00fang t\u00f4i t\u1ea1i <em>info@huehelp.org<\/em>.<\/span><\/span><\/p>\n<p><span style=\"font-size: medium;\"><\/span><\/p>\n<p><span style=\"font-size: medium;\"><strong><span style=\"color: #0c71c3;\">T\u00ecnh nguy\u1ec7n vi\u00ean t\u1ea1i Vi\u1ec7t Nam<\/span><\/strong><\/span><\/p>\n<p><span style=\"font-size: medium;\"><strong><br \/><\/strong><span>Hi\u1ec7n t\u1ea1i ch\u00fang t\u00f4i ch\u00e0o \u0111\u00f3n nh\u1eefng t\u00ecnh nguy\u1ec7n vi\u00ean c\u00f3 nh\u1eefng k\u1ef9 n\u0103ng sau:<\/span><\/span><\/p>\n<p><span style=\"font-size: medium;\"><span> \u2022 Hu\u1ea5n luy\u1ec7n vi\u00ean \u0111\u00e0o t\u1ea1o gi\u00e1o vi\u00ean d\u1ea1y b\u01a1i \/ Chuy\u00ean gia v\u1ec1 An to\u00e0n N\u01b0\u1edbc <\/span><\/span><\/p>\n<p><span style=\"font-size: medium;\"><span>\u2022 G\u00e2y qu\u1ef9 <\/span><\/span><\/p>\n<p><span style=\"font-size: medium;\"><span>\u2022 Truy\u1ec1n th\u00f4ng <\/span><\/span><\/p>\n<p><span style=\"font-size: medium;\"><span>\u2022 Chuy\u00ean gia v\u1ec1 Nhu c\u1ea7u Gi\u00e1o d\u1ee5c \u0110\u1eb7c bi\u1ec7t <\/span><\/span><\/p>\n<p><span style=\"font-size: medium;\"><span>L\u00e0 m\u1ed9t t\u1ed5 ch\u1ee9c, vai tr\u00f2 c\u1ee7a ch\u00fang t\u00f4i l\u00e0 x\u00e2y d\u1ef1ng n\u0103ng l\u1ef1c \u0111\u1ecba ph\u01b0\u01a1ng. Do \u0111\u00f3, t\u1ea5t c\u1ea3 vai tr\u00f2 c\u1ee7a t\u00ecnh nguy\u1ec7n vi\u00ean c\u1ee7a ch\u00fang t\u00f4i t\u1ea1i Vi\u1ec7t Nam \u0111\u1ec1u d\u1ef1a tr\u00ean vi\u1ec7c chuy\u1ec3n giao ki\u1ebfn th\u1ee9c v\u00e0 k\u1ef9 n\u0103ng cho nh\u00e2n vi\u00ean \u0111\u1ecba ph\u01b0\u01a1ng \u0111\u1ec3 gi\u00fap x\u00e2y d\u1ef1ng n\u0103ng l\u1ef1c l\u00e2u d\u00e0i. T\u00ecnh nguy\u1ec7n vi\u00ean mang b\u1ea5t k\u1ef3 qu\u1ed1c t\u1ecbch n\u00e0o c\u0169ng c\u00f3 th\u1ec3 \u1ee9ng tuy\u1ec3n. Tuy nhi\u00ean, n\u1ebfu hi\u1ec7n t\u1ea1i b\u1ea1n kh\u00f4ng c\u00f3 quy\u1ec1n h\u1ee3p ph\u00e1p \u0111\u1ec3 l\u00e0m vi\u1ec7c \u1edf Vi\u1ec7t Nam, ch\u00fang t\u00f4i s\u1ebd c\u1ea7n xin gi\u1ea5y ph\u00e9p lao \u0111\u1ed9ng \u0111\u1ec3 b\u1ea1n l\u00e0m vi\u1ec7c t\u1ea1i Vi\u1ec7t Nam. Do \u0111\u00f3, b\u1ea1n c\u1ea7n ph\u1ea3i c\u00f3 5 n\u0103m kinh nghi\u1ec7m li\u00ean quan, b\u1eb1ng c\u1eed nh\u00e2n v\u00e0 l\u00fd l\u1ecbch t\u01b0 ph\u00e1p s\u1ea1ch. B\u1ea1n c\u0169ng s\u1ebd c\u1ea7n ph\u1ea3i th\u1ef1c hi\u1ec7n kh\u00e1m s\u1ee9c kh\u1ecfe. Do chi ph\u00ed v\u00e0 th\u1eddi gian \u0111\u1ec3 xin c\u1ea5p gi\u1ea5y ph\u00e9p lao \u0111\u1ed9ng, ch\u00fang t\u00f4i ch\u1ec9 ti\u1ebfp nh\u1eadn nh\u1eefng t\u00ecnh nguy\u1ec7n vi\u00ean n\u00e0o c\u00f3 th\u1ec3 cam k\u1ebft l\u00e0m t\u00ecnh nguy\u1ec7n \u00edt nh\u1ea5t 6 th\u00e1ng. C\u00e1c tr\u01b0\u1eddng h\u1ee3p ngo\u1ea1i l\u1ec7: b\u1ea1n l\u00e0 m\u1ed9t chuy\u00ean gia v\u1ec1 m\u1ed9t ch\u1ee7 \u0111\u1ec1 ho\u1eb7c \u0111\u1ebfn tham gia h\u1ed9i th\u1ea3o hay kh\u00f3a t\u1eadp hu\u1ea5n ng\u1eafn. Hi\u1ec7n t\u1ea1i Hue Help kh\u00f4ng th\u1ec3 h\u1ed7 tr\u1ee3 b\u1ea5t k\u1ef3 kho\u1ea3n t\u00e0i ch\u00ednh n\u00e0o cho c\u00e1c t\u00ecnh nguy\u1ec7n vi\u00ean, nh\u01b0ng ch\u00fang t\u00f4i c\u00f3 th\u1ec3 h\u1ed7 tr\u1ee3 ch\u1ed7 \u1edf mi\u1ec5n ph\u00ed.<\/span><br \/><\/span><\/p>\n<p><span style=\"font-size: medium;\"><strong><span style=\"color: #0c71c3;\">Du l\u1ecbch ngang qua Hu\u1ebf?<\/span><\/strong><\/span><\/p>\n<p><span style=\"font-size: medium;\"><span>Th\u00f4ng th\u01b0\u1eddng, ch\u00fang t\u00f4i kh\u00f4ng ti\u1ebfp nh\u1eadn nh\u1eefng t\u00ecnh nguy\u1ec7n vi\u00ean qu\u1ed1c t\u1ebf ng\u1eafn h\u1ea1n. V\u00ec nh\u1eefng l\u00fd do an to\u00e0n v\u00e0 ph\u00e1p l\u00fd, ch\u00fang t\u00f4i c\u1ea7n th\u1ef1c hi\u1ec7n vi\u1ec7c ki\u1ec3m tra l\u00fd l\u1ecbch c\u1ee7a c\u00e1c t\u00ecnh nguy\u1ec7n vi\u00ean, v\u00e0 \u0111i\u1ec1u n\u00e0y th\u01b0\u1eddng khi\u1ebfn cho c\u00e1c d\u1ef1 \u00e1n t\u00ecnh nguy\u1ec7n vi\u00ean ng\u1eafn h\u1ea1n kh\u00f4ng kh\u1ea3 thi. N\u1ebfu b\u1ea1n kh\u00f4ng th\u1ec3 l\u00e0m t\u00ecnh nguy\u1ec7n vi\u00ean \u1edf Vi\u1ec7t Nam, b\u1ea1n v\u1eabn c\u00f3 nhi\u1ec1u c\u00e1ch \u0111\u1ec3 <a href=\"https:\/\/huehelp.org\/get-involved\/\">tham gia<\/a> v\u00e0 h\u1ed7 tr\u1ee3 c\u00f4ng vi\u1ec7c c\u1ee7a ch\u00fang t\u00f4i! N\u1ebfu b\u1ea1n \u0111i du l\u1ecbch \u1edf Vi\u1ec7t Nam v\u00e0 mu\u1ed1n \u0111\u1ebfn th\u0103m ch\u00fang t\u00f4i, xin vui l\u00f2ng <a href=\"https:\/\/huehelp.org\/contact-us\/\">li\u00ean h\u1ec7<\/a> &#8211; b\u1ea1n h\u00e3y l\u1ea5y h\u1eb9n \u0111\u1ec3 g\u1eb7p \u0111\u1ed9i ng\u0169 nh\u00e2n vi\u00ean c\u1ee7a ch\u00fang t\u00f4i t\u1ea1i v\u0103n ph\u00f2ng. Ch\u00fang t\u00f4i kh\u00f4ng ti\u1ebfp nh\u1eefng chuy\u1ebfn th\u0103m ho\u1eb7c t\u00ecnh nguy\u1ec7n ng\u1eafn h\u1ea1n \u1edf <a href=\"https:\/\/huehelp.org\/vi\/hue-childrens-shelter\/\">Trung t\u00e2m B\u1ea3o tr\u1ee3 Tr\u1ebb em Hu\u1ebf<\/a>. \u0110\u1ec3 bi\u1ebft l\u00fd do \u0111\u1ea7y \u0111\u1ee7, vui l\u00f2ng xem nh\u1eefng c\u00e2u h\u1ecfi th\u01b0\u1eddng g\u1eb7p c\u1ee7a ch\u00fang t\u00f4i \u1edf trang web c\u1ee7a Trung t\u00e2m B\u1ea3o tr\u1ee3 Tr\u1ebb em Hu\u1ebf ho\u1eb7c \u0111\u1ecdc ch\u00ednh s\u00e1ch d\u00e0nh cho kh\u00e1ch \u0111\u1ebfn th\u0103m c\u1ee7a ch\u00fang t\u00f4i. Ch\u00fang t\u00f4i khuy\u00ean b\u1ea1n kh\u00f4ng l\u00e0m t\u00ecnh nguy\u1ec7n vi\u00ean t\u1ea1i c\u00e1c tr\u1ea1i tr\u1ebb m\u1ed3 c\u00f4i\/ trung t\u00e2m b\u1ea3o tr\u1ee3 tr\u1ebb em khi \u0111i du l\u1ecbch, v\u00e0 ch\u00fang t\u00f4i khuy\u00ean b\u1ea1n n\u00ean th\u1eadn tr\u1ecdng v\u1edbi c\u00e1c d\u1ef1 \u00e1n t\u00ecnh nguy\u1ec7n ng\u1eafn h\u1ea1n, \u0111\u1eb7c bi\u1ec7t l\u00e0 c\u00e1c d\u1ef1 \u00e1n do c\u00e1c c\u00f4ng ty du l\u1ecbch t\u1ed5 ch\u1ee9c- h\u1ecd c\u00f3 th\u1ec3 thi\u00ean v\u1ec1 l\u1ee3i nhu\u1eadn v\u00e0 tr\u1ea3i nghi\u1ec7m cho kh\u00e1ch du l\u1ecbch h\u01a1n l\u00e0 gi\u00fap ng\u01b0\u1eddi th\u1ef1c s\u1ef1. Vui l\u00f2ng t\u00ecm hi\u1ec3u v\u1ec1 <a href=\"https:\/\/thinkchildsafe.org\/travelers\/\">l\u1eddi khuy\u00ean<\/a> n\u00e0y \u0111\u1ec3 bi\u1ebft th\u00eam th\u00f4ng tin.<\/span><\/span><\/p>\n<p><span style=\"font-size: medium;\">\u00a0<\/span><\/p>\n<p>[\/et_pb_text][\/et_pb_column][\/et_pb_row][\/et_pb_section][et_pb_section fb_built=&#8221;1&#8243; custom_padding_last_edited=&#8221;on|phone&#8221; admin_label=&#8221;We Will Email Optin &#8211; Freddie&#8221; module_class=&#8221;home_subscribe_section old_times_blog_subscribe&#8221; _builder_version=&#8221;4.4.3&#8243; background_color=&#8221;#002556&#8243; background_image=&#8221;https:\/\/staging.huehelp.org\/wp-content\/uploads\/2020\/01\/sfs4.jpg&#8221; background_blend=&#8221;overlay&#8221; custom_padding=&#8221;79px||41px||false|false&#8221; custom_padding_tablet=&#8221;60px||60px||false|false&#8221; custom_padding_phone=&#8221;40px||40px||false|false&#8221; saved_tabs=&#8221;all&#8221; locked=&#8221;off&#8221; collapsed=&#8221;off&#8221;][et_pb_row use_custom_gutter=&#8221;on&#8221; gutter_width=&#8221;2&#8243; admin_label=&#8221;We Will Email Optin &#8211; Freddie &#8211; Row&#8221; _builder_version=&#8221;3.29.3&#8243; width=&#8221;90%&#8221; max_width=&#8221;1170px&#8221;][et_pb_column type=&#8221;4_4&#8243; _builder_version=&#8221;3.27.4&#8243; custom_padding=&#8221;||||false|false&#8221;][et_pb_text _builder_version=&#8221;4.5.3&#8243; custom_padding=&#8221;25px|||||&#8221;]<\/p>\n<h2 style=\"text-align: center;\"><span style=\"font-size: xx-large; color: #ffffff;\"><strong>Gi\u1eef li\u00ean l\u1ea1c&#8230;<\/strong><\/span><\/h2>\n<p><strong><\/strong><\/p>\n<p>[\/et_pb_text][et_pb_text admin_label=&#8221;We Will Email Optin &#8211; Freddie &#8211; Lorem ipsum&#8221; _builder_version=&#8221;4.5.3&#8243; text_font=&#8221;Poppins||||||||&#8221; text_text_color=&#8221;#999999&#8243; text_font_size=&#8221;21px&#8221; text_orientation=&#8221;center&#8221; max_width=&#8221;100%&#8221; custom_margin=&#8221;||25px||false|false&#8221; custom_margin_tablet=&#8221;||10px||false|false&#8221; custom_margin_phone=&#8221;&#8221; custom_margin_last_edited=&#8221;on|tablet&#8221;]<\/p>\n<p><span color=\"#ffffff\" style=\"color: #ffffff;\">\u0110\u0103ng k\u00fd \u0111\u1ec3\u00a0 nh\u1eadn b\u1ea3n tin c\u1eadp nh\u1eadt v\u1ec1 ho\u1ea1t \u0111\u1ed9ng c\u1ee7a ch\u00fang t\u00f4i \ud83d\ude42<\/span><\/p>\n<p>[\/et_pb_text][et_pb_signup mailchimp_list=&#8221;Hue Help Mailing List|225211da2d&#8221; layout=&#8221;top_bottom&#8221; name_field=&#8221;on&#8221; name_fullwidth=&#8221;off&#8221; first_name_fullwidth=&#8221;off&#8221; email_fullwidth=&#8221;off&#8221; button_text=&#8221;\u0110\u0102NG K\u00dd&#8221; admin_label=&#8221;We Will Email Optin &#8211; Freddie &#8211; Email Optin&#8221; _builder_version=&#8221;4.5.3&#8243; form_field_background_color=&#8221;#ffffff&#8221; form_field_text_color=&#8221;#999999&#8243; form_field_focus_background_color=&#8221;rgba(0,0,0,0)&#8221; form_field_focus_text_color=&#8221;#ffffff&#8221; form_field_custom_padding=&#8221;19px|19px|19px|19px|true|true&#8221; form_field_font=&#8221;Roboto||||||||&#8221; form_field_font_size=&#8221;16px&#8221; form_field_line_height=&#8221;100%&#8221; use_background_color=&#8221;off&#8221; custom_button=&#8221;on&#8221; button_text_size=&#8221;16px&#8221; button_text_color=&#8221;#ffffff&#8221; button_border_color=&#8221;#ffffff&#8221; button_border_radius=&#8221;0px&#8221; button_font=&#8221;Noto Sans|500|||||||&#8221; button_use_icon=&#8221;off&#8221; button_custom_padding=&#8221;15px|33px|15px|33px|true|true&#8221; text_orientation=&#8221;center&#8221; max_width=&#8221;707px&#8221; button_bg_color_tablet=&#8221;#fddd11&#8243; button_bg_color_last_edited=&#8221;off|desktop&#8221; button_bg_enable_color_tablet=&#8221;on&#8221; custom_css_main_element=&#8221;margin: 0 auto;&#8221; custom_css_newsletter_description=&#8221;color: #000;||    padding-bottom: 0;||    margin-bottom: 10px;&#8221; custom_css_newsletter_form=&#8221;padding-left: 0 !important;&#8221; custom_css_newsletter_button=&#8221;display: inline-block;||    width: auto;||    margin-top: 17px;&#8221; border_radii_fields=&#8221;on|0px|0px|0px|0px&#8221; border_width_all_fields=&#8221;2px&#8221; border_color_all_fields=&#8221;#3b3e3d&#8221; border_color_all_fields__hover_enabled=&#8221;on|hover&#8221; border_color_all_fields__hover=&#8221;#fddd11&#8243; button_bg_color__hover_enabled=&#8221;on|hover&#8221; button_bg_color__hover=&#8221;#fddd11&#8243; button_bg_enable_color__hover=&#8221;on&#8221; button_text_color__hover_enabled=&#8221;on|hover&#8221; button_text_color__hover=&#8221;#000000&#8243;][\/et_pb_signup][\/et_pb_column][\/et_pb_row][\/et_pb_section]<\/p>\n","protected":false},"excerpt":{"rendered":"<p>&nbsp; C\u00f3 r\u1ea5t nhi\u1ec1u c\u00e1ch \u0111\u1ec3 tham gia ho\u1ea1t \u0111\u1ed9ng t\u00ecnh nguy\u1ec7n c\u00f9ng Hue Help! T\u00ecnh nguy\u1ec7n vi\u00ean v\u1edbi Hue Help \u00a0Ch\u00fang t\u00f4i d\u1ef1a v\u00e0o s\u1ef1 h\u1ed7 tr\u1ee3 h\u00e0o ph\u00f3ng c\u1ee7a c\u00e1c t\u00ecnh nguy\u1ec7n vi\u00ean \u0111\u1ec3 ho\u1ea1t \u0111\u1ed9ng. N\u1ebfu kh\u00f4ng c\u00f3 c\u00e1c t\u00ecnh nguy\u1ec7n vi\u00ean, ch\u00fang t\u00f4i kh\u00f4ng th\u1ec3 th\u1ef1c hi\u1ec7n c\u00f4ng vi\u1ec7c c\u1ee7a m\u00ecnh! [&hellip;]<\/p>\n","protected":false},"author":1,"featured_media":0,"parent":0,"menu_order":0,"comment_status":"closed","ping_status":"closed","template":"","meta":{"_et_pb_use_builder":"on","_et_pb_old_content":"<!-- wp:divi\/placeholder \/-->","_et_gb_content_width":"","_monsterinsights_skip_tracking":false,"_monsterinsights_sitenote_active":false,"_monsterinsights_sitenote_note":"","_monsterinsights_sitenote_category":0,"footnotes":""},"class_list":["post-262222","page","type-page","status-publish","hentry"],"yoast_head":"<!-- This site is optimized with the Yoast SEO plugin v24.0 - https:\/\/yoast.com\/wordpress\/plugins\/seo\/ -->\n<title>Volunteer - Hue Help<\/title>\n<meta name=\"robots\" content=\"index, follow, max-snippet:-1, max-image-preview:large, max-video-preview:-1\" \/>\n<link rel=\"canonical\" href=\"https:\/\/huehelp.org\/vi\/volunteer\/\" \/>\n<meta property=\"og:locale\" content=\"vi_VN\" \/>\n<meta property=\"og:type\" content=\"article\" \/>\n<meta property=\"og:title\" content=\"Volunteer - Hue Help\" \/>\n<meta property=\"og:description\" content=\"&nbsp; C\u00f3 r\u1ea5t nhi\u1ec1u c\u00e1ch \u0111\u1ec3 tham gia ho\u1ea1t \u0111\u1ed9ng t\u00ecnh nguy\u1ec7n c\u00f9ng Hue Help! T\u00ecnh nguy\u1ec7n vi\u00ean v\u1edbi Hue Help \u00a0Ch\u00fang t\u00f4i d\u1ef1a v\u00e0o s\u1ef1 h\u1ed7 tr\u1ee3 h\u00e0o ph\u00f3ng c\u1ee7a c\u00e1c t\u00ecnh nguy\u1ec7n vi\u00ean \u0111\u1ec3 ho\u1ea1t \u0111\u1ed9ng. N\u1ebfu kh\u00f4ng c\u00f3 c\u00e1c t\u00ecnh nguy\u1ec7n vi\u00ean, ch\u00fang t\u00f4i kh\u00f4ng th\u1ec3 th\u1ef1c hi\u1ec7n c\u00f4ng vi\u1ec7c c\u1ee7a m\u00ecnh! [&hellip;]\" \/>\n<meta property=\"og:url\" content=\"https:\/\/huehelp.org\/vi\/volunteer\/\" \/>\n<meta property=\"og:site_name\" content=\"Hue Help\" \/>\n<meta property=\"article:modified_time\" content=\"2020-08-07T07:43:00+00:00\" \/>\n<meta name=\"twitter:card\" content=\"summary_large_image\" \/>\n<meta name=\"twitter:label1\" content=\"Est. reading time\" \/>\n\t<meta name=\"twitter:data1\" content=\"9 minutes\" \/>\n<script type=\"application\/ld+json\" class=\"yoast-schema-graph\">{\"@context\":\"https:\/\/schema.org\",\"@graph\":[{\"@type\":\"WebPage\",\"@id\":\"https:\/\/huehelp.org\/vi\/volunteer\/\",\"url\":\"https:\/\/huehelp.org\/vi\/volunteer\/\",\"name\":\"Volunteer - Hue Help\",\"isPartOf\":{\"@id\":\"https:\/\/huehelp.org\/vi\/#website\"},\"datePublished\":\"2020-04-07T04:09:32+00:00\",\"dateModified\":\"2020-08-07T07:43:00+00:00\",\"breadcrumb\":{\"@id\":\"https:\/\/huehelp.org\/vi\/volunteer\/#breadcrumb\"},\"inLanguage\":\"vi-VN\",\"potentialAction\":[{\"@type\":\"ReadAction\",\"target\":[\"https:\/\/huehelp.org\/vi\/volunteer\/\"]}]},{\"@type\":\"BreadcrumbList\",\"@id\":\"https:\/\/huehelp.org\/vi\/volunteer\/#breadcrumb\",\"itemListElement\":[{\"@type\":\"ListItem\",\"position\":1,\"name\":\"Home\",\"item\":\"https:\/\/huehelp.org\/vi\/\"},{\"@type\":\"ListItem\",\"position\":2,\"name\":\"Volunteer\"}]},{\"@type\":\"WebSite\",\"@id\":\"https:\/\/huehelp.org\/vi\/#website\",\"url\":\"https:\/\/huehelp.org\/vi\/\",\"name\":\"Hue Help\",\"description\":\"Hue Help Children&#039;s Charity in Vietnam\",\"potentialAction\":[{\"@type\":\"SearchAction\",\"target\":{\"@type\":\"EntryPoint\",\"urlTemplate\":\"https:\/\/huehelp.org\/vi\/?s={search_term_string}\"},\"query-input\":{\"@type\":\"PropertyValueSpecification\",\"valueRequired\":true,\"valueName\":\"search_term_string\"}}],\"inLanguage\":\"vi-VN\"}]}<\/script>\n<!-- \/ Yoast SEO plugin. -->","yoast_head_json":{"title":"Volunteer - Hue Help","robots":{"index":"index","follow":"follow","max-snippet":"max-snippet:-1","max-image-preview":"max-image-preview:large","max-video-preview":"max-video-preview:-1"},"canonical":"https:\/\/huehelp.org\/vi\/volunteer\/","og_locale":"vi_VN","og_type":"article","og_title":"Volunteer - Hue Help","og_description":"&nbsp; C\u00f3 r\u1ea5t nhi\u1ec1u c\u00e1ch \u0111\u1ec3 tham gia ho\u1ea1t \u0111\u1ed9ng t\u00ecnh nguy\u1ec7n c\u00f9ng Hue Help! T\u00ecnh nguy\u1ec7n vi\u00ean v\u1edbi Hue Help \u00a0Ch\u00fang t\u00f4i d\u1ef1a v\u00e0o s\u1ef1 h\u1ed7 tr\u1ee3 h\u00e0o ph\u00f3ng c\u1ee7a c\u00e1c t\u00ecnh nguy\u1ec7n vi\u00ean \u0111\u1ec3 ho\u1ea1t \u0111\u1ed9ng. N\u1ebfu kh\u00f4ng c\u00f3 c\u00e1c t\u00ecnh nguy\u1ec7n vi\u00ean, ch\u00fang t\u00f4i kh\u00f4ng th\u1ec3 th\u1ef1c hi\u1ec7n c\u00f4ng vi\u1ec7c c\u1ee7a m\u00ecnh! [&hellip;]","og_url":"https:\/\/huehelp.org\/vi\/volunteer\/","og_site_name":"Hue Help","article_modified_time":"2020-08-07T07:43:00+00:00","twitter_card":"summary_large_image","twitter_misc":{"Est. reading time":"9 minutes"},"schema":{"@context":"https:\/\/schema.org","@graph":[{"@type":"WebPage","@id":"https:\/\/huehelp.org\/vi\/volunteer\/","url":"https:\/\/huehelp.org\/vi\/volunteer\/","name":"Volunteer - Hue Help","isPartOf":{"@id":"https:\/\/huehelp.org\/vi\/#website"},"datePublished":"2020-04-07T04:09:32+00:00","dateModified":"2020-08-07T07:43:00+00:00","breadcrumb":{"@id":"https:\/\/huehelp.org\/vi\/volunteer\/#breadcrumb"},"inLanguage":"vi-VN","potentialAction":[{"@type":"ReadAction","target":["https:\/\/huehelp.org\/vi\/volunteer\/"]}]},{"@type":"BreadcrumbList","@id":"https:\/\/huehelp.org\/vi\/volunteer\/#breadcrumb","itemListElement":[{"@type":"ListItem","position":1,"name":"Home","item":"https:\/\/huehelp.org\/vi\/"},{"@type":"ListItem","position":2,"name":"Volunteer"}]},{"@type":"WebSite","@id":"https:\/\/huehelp.org\/vi\/#website","url":"https:\/\/huehelp.org\/vi\/","name":"Hue Help","description":"Hue Help Children&#039;s Charity in Vietnam","potentialAction":[{"@type":"SearchAction","target":{"@type":"EntryPoint","urlTemplate":"https:\/\/huehelp.org\/vi\/?s={search_term_string}"},"query-input":{"@type":"PropertyValueSpecification","valueRequired":true,"valueName":"search_term_string"}}],"inLanguage":"vi-VN"}]}},"_links":{"self":[{"href":"https:\/\/huehelp.org\/vi\/wp-json\/wp\/v2\/pages\/262222","targetHints":{"allow":["GET"]}}],"collection":[{"href":"https:\/\/huehelp.org\/vi\/wp-json\/wp\/v2\/pages"}],"about":[{"href":"https:\/\/huehelp.org\/vi\/wp-json\/wp\/v2\/types\/page"}],"author":[{"embeddable":true,"href":"https:\/\/huehelp.org\/vi\/wp-json\/wp\/v2\/users\/1"}],"replies":[{"embeddable":true,"href":"https:\/\/huehelp.org\/vi\/wp-json\/wp\/v2\/comments?post=262222"}],"version-history":[{"count":9,"href":"https:\/\/huehelp.org\/vi\/wp-json\/wp\/v2\/pages\/262222\/revisions"}],"predecessor-version":[{"id":262756,"href":"https:\/\/huehelp.org\/vi\/wp-json\/wp\/v2\/pages\/262222\/revisions\/262756"}],"wp:attachment":[{"href":"https:\/\/huehelp.org\/vi\/wp-json\/wp\/v2\/media?parent=262222"}],"curies":[{"name":"wp","href":"https:\/\/api.w.org\/{rel}","templated":true}]}}