{"id":262682,"date":"2020-04-07T04:06:28","date_gmt":"2020-04-07T04:06:28","guid":{"rendered":"https:\/\/huehelp.org\/shop-online\/"},"modified":"2020-08-04T09:24:16","modified_gmt":"2020-08-04T09:24:16","slug":"shop-online","status":"publish","type":"page","link":"https:\/\/huehelp.org\/vi\/get-involved\/shop-online\/","title":{"rendered":"Shop Online"},"content":{"rendered":"<p>[et_pb_section fb_built=&#8221;1&#8243; fullwidth=&#8221;on&#8221; _builder_version=&#8221;4.4.3&#8243;][et_pb_fullwidth_slider _builder_version=&#8221;4.5.1&#8243; header_font=&#8221;Noto Sans||||||||&#8221; body_font=&#8221;Noto Sans||||||||&#8221; custom_button=&#8221;on&#8221; button_font=&#8221;Noto Sans||||||||&#8221; custom_padding=&#8221;244px||295px|||&#8221; hover_enabled=&#8221;0&#8243;][et_pb_slide heading=&#8221;H\u1ed7 tr\u1ee3 khi mua h\u00e0ng tr\u1ef1c tuy\u1ebfn!&#8221; use_bg_overlay=&#8221;on&#8221; _builder_version=&#8221;4.5.1&#8243; background_color=&#8221;#0c71c3&#8243; background_enable_color=&#8221;on&#8221; background_image=&#8221;https:\/\/staging.huehelp.org\/wp-content\/uploads\/2020\/04\/7-scaled.jpg&#8221; background_enable_image=&#8221;on&#8221; parallax=&#8221;on&#8221; hover_enabled=&#8221;0&#8243;]<\/p>\n<p>&nbsp;<\/p>\n<p><span style=\"font-size: 18px;\">B\u1ea1n c\u00f3 th\u1ec3 quy\u00ean g\u00f3p cho Hue Help b\u1eb1ng c\u00e1ch mua s\u1eafm qua c\u00e1c \u0111\u1ed1i t\u00e1c g\u00e2y qu\u1ef9 tr\u1ef1c tuy\u1ebfn c\u1ee7a ch\u00fang t\u00f4i.<\/span><\/p>\n<p>[\/et_pb_slide][\/et_pb_fullwidth_slider][\/et_pb_section][et_pb_section fb_built=&#8221;1&#8243; _builder_version=&#8221;4.4.2&#8243;][et_pb_row _builder_version=&#8221;4.4.2&#8243;][et_pb_column type=&#8221;4_4&#8243; _builder_version=&#8221;4.4.2&#8243;][et_pb_text _builder_version=&#8221;4.5.1&#8243; custom_padding=&#8221;||0px|||&#8221; hover_enabled=&#8221;0&#8243;]<\/p>\n<h1 style=\"text-align: center;\"><span style=\"color: #0c71c3;\">Mua h\u00e0ng tr\u1ef1c tuy\u1ebfn<\/span><\/h1>\n<p><span style=\"font-size: medium;\"><\/span><\/p>\n<p style=\"text-align: center;\"><span style=\"font-size: medium;\">Khi mua s\u1eafm qua c\u00e1c k\u00eanh d\u01b0\u1edbi \u0111\u00e2y, m\u1ed9t ph\u1ea7n chi ph\u00ed m\u00e0 b\u1ea1n thanh to\u00e1n s\u1ebd \u0111\u01b0\u1ee3c tr\u00edch ra \u0111\u1ec3 \u1ee7ng h\u1ed9 Hue Help &#8211; ho\u00e0n to\u00e0n t\u1ef1 \u0111\u1ed9ng v\u00e0 kh\u00f4ng th\u00eam b\u1ea5t c\u1ee9 chi ph\u00ed n\u00e0o \ud83d\ude42<\/span><\/p>\n<p>[\/et_pb_text][\/et_pb_column][\/et_pb_row][et_pb_row column_structure=&#8221;1_2,1_2&#8243; _builder_version=&#8221;4.4.2&#8243;][et_pb_column type=&#8221;1_2&#8243; _builder_version=&#8221;4.4.2&#8243;][et_pb_text _builder_version=&#8221;4.5.1&#8243; min_height=&#8221;29px&#8221; hover_enabled=&#8221;0&#8243;]<\/p>\n<p style=\"text-align: center;\"><span style=\"color: #0c71c3; font-size: large;\"><strong>Amazon Smile<\/strong><\/span><\/p>\n<p align=\"center\" style=\"margin: 0in; margin-bottom: .0001pt; text-align: center; vertical-align: baseline;\">Amazon Smile ho\u00e0n to\u00e0n t\u01b0\u01a1ng t\u1ef1 Amazon \u2013 tr\u1eeb vi\u1ec7c 0,5% gi\u00e1 tr\u1ecb h\u00e0ng h\u00f3a b\u1ea1n mua s\u1ebd \u0111\u01b0\u1ee3c tr\u00edch ra \u0111\u1ec3 quy\u00ean g\u00f3p cho Hue Help!<\/p>\n<p>[\/et_pb_text][et_pb_code _builder_version=&#8221;4.4.3&#8243;]<\/p>\n<div id=\"amznCharityBanner\"><script type=\"text\/javascript\">(function() {var iFrame = document.createElement('iframe'); iFrame.style.display = 'none'; iFrame.style.border = \"none\"; iFrame.width = 310; iFrame.height = 256; iFrame.setAttribute && iFrame.setAttribute('scrolling', 'no'); iFrame.setAttribute('frameborder', '0'); setTimeout(function() {var contents = (iFrame.contentWindow) ? iFrame.contentWindow : (iFrame.contentDocument.document) ? iFrame.contentDocument.document : iFrame.contentDocument; contents.document.open(); contents.document.write(decodeURIComponent(\"%3Cdiv%20id%3D%22amznCharityBannerInner%22%3E%3Ca%20href%3D%22https%3A%2F%2Fsmile.amazon.co.uk%2Fch%2F1117116-0%22%3E%3Cdiv%20class%3D%22text%22%20height%3D%22%22%3E%3Cdiv%20class%3D%22support-wrapper%22%3E%3Cdiv%20class%3D%22support%22%20style%3D%22font-size%3A%2025px%3B%20line-height%3A%2028px%3B%20margin-top%3A%2029px%3B%20margin-bottom%3A%201px%3B%22%3ESupport%20%3Cspan%20id%3D%22charity-name%22%20style%3D%22display%3A%20inline-block%3B%22%3EHue%20Help%3C%2Fspan%3E%3C%2Fdiv%3E%3C%2Fdiv%3E%3Cp%20class%3D%22when-shop%22%3EWhen%20you%20shop%20at%20%3Cb%3Esmile.amazon.co.uk%2C%3C%2Fb%3E%3C%2Fp%3E%3Cp%20class%3D%22donates%22%3EAmazon%20Donates%3C%2Fp%3E%3C%2Fdiv%3E%3C%2Fa%3E%3C%2Fdiv%3E%3Cstyle%3E%23amznCharityBannerInner%7Bbackground-image%3Aurl(https%3A%2F%2Fm.media-amazon.com%2Fimages%2FG%2F02%2Fx-locale%2Fpaladin%2Fcharitycentral%2Fbanner-background-image._CB485923047_.png)%3Bwidth%3A302px%3Bheight%3A250px%3Bposition%3Arelative%7D%23amznCharityBannerInner%20a%7Bdisplay%3Ablock%3Bwidth%3A100%25%3Bheight%3A100%25%3Bposition%3Arelative%3Bcolor%3A%23000%3Btext-decoration%3Anone%7D.text%7Bposition%3Aabsolute%3Btop%3A20px%3Bleft%3A15px%3Bright%3A15px%3Bbottom%3A100px%7D.support-wrapper%7Boverflow%3Ahidden%3Bmax-height%3A86px%7D.support%7Bfont-family%3AArial%2Csans%3Bfont-weight%3A700%3Bline-height%3A28px%3Bfont-size%3A25px%3Bcolor%3A%23333%3Btext-align%3Acenter%3Bmargin%3A0%3Bpadding%3A0%3Bbackground%3A0%200%7D.when-shop%7Bfont-family%3AArial%2Csans%3Bfont-size%3A15px%3Bfont-weight%3A400%3Bline-height%3A25px%3Bcolor%3A%23333%3Btext-align%3Acenter%3Bmargin%3A0%3Bpadding%3A0%3Bbackground%3A0%200%7D.donates%7Bfont-family%3AArial%2Csans%3Bfont-size%3A15px%3Bfont-weight%3A400%3Bline-height%3A21px%3Bcolor%3A%23333%3Btext-align%3Acenter%3Bmargin%3A0%3Bpadding%3A0%3Bbackground%3A0%200%7D%3C%2Fstyle%3E\")); contents.document.close(); iFrame.style.display = 'block';}); document.getElementById('amznCharityBanner').appendChild(iFrame); })(); <\/script><\/div>\n<p>[\/et_pb_code][\/et_pb_column][et_pb_column type=&#8221;1_2&#8243; _builder_version=&#8221;4.4.2&#8243;][et_pb_text _builder_version=&#8221;4.5.1&#8243; min_height=&#8221;29px&#8221; hover_enabled=&#8221;0&#8243;]<\/p>\n<p style=\"text-align: center;\"><span style=\"color: #0c71c3; font-size: large;\"><strong>Give As You Live<\/strong><\/span><\/p>\n<p align=\"center\" style=\"margin: 0in; margin-bottom: .0001pt; text-align: center; vertical-align: baseline;\">V\u1edbi Give As You Live, b\u1ea1n c\u00f3 th\u1ec3 mua s\u1eafm \u1edf nhi\u1ec1u c\u1eeda h\u00e0ng ho\u1eb7c d\u1ecbch v\u1ee5 tr\u1ef1c tuy\u1ebfn- bao g\u1ed3m: Boots, Booking.com, Argos, eBay v\u00e0 nhi\u1ec1u h\u01a1n n\u1eefa \u2013 \u0111\u1ed3ng th\u1eddi g\u00e2y qu\u1ef9 cho Hue Help m\u00e0 kh\u00f4ng ph\u1ea3i tr\u1ea3 th\u00eam ph\u00ed.<\/p>\n<p>[\/et_pb_text][et_pb_image src=&#8221;https:\/\/huehelp.org\/wp-content\/uploads\/2020\/04\/online.png&#8221; url=&#8221;https:\/\/www.giveasyoulive.com\/join\/huehelp?utm_source=charitytoolkit&#038;utm_medium=post&#038;utm_campaign=CTJoinLink&#8221; url_new_window=&#8221;on&#8221; align=&#8221;center&#8221; _builder_version=&#8221;4.4.3&#8243;][\/et_pb_image][\/et_pb_column][\/et_pb_row][\/et_pb_section][et_pb_section fb_built=&#8221;1&#8243; custom_padding_last_edited=&#8221;on|phone&#8221; admin_label=&#8221;We Will Email Optin &#8211; Freddie&#8221; module_class=&#8221;home_subscribe_section old_times_blog_subscribe&#8221; _builder_version=&#8221;4.4.3&#8243; background_color=&#8221;#002556&#8243; background_image=&#8221;https:\/\/staging.huehelp.org\/wp-content\/uploads\/2020\/01\/sfs4.jpg&#8221; background_blend=&#8221;overlay&#8221; custom_padding=&#8221;79px||41px||false|false&#8221; custom_padding_tablet=&#8221;60px||60px||false|false&#8221; custom_padding_phone=&#8221;40px||40px||false|false&#8221; saved_tabs=&#8221;all&#8221; locked=&#8221;off&#8221; collapsed=&#8221;off&#8221;][et_pb_row use_custom_gutter=&#8221;on&#8221; gutter_width=&#8221;2&#8243; admin_label=&#8221;We Will Email Optin &#8211; Freddie &#8211; Row&#8221; _builder_version=&#8221;3.29.3&#8243; width=&#8221;90%&#8221; max_width=&#8221;1170px&#8221;][et_pb_column type=&#8221;4_4&#8243; _builder_version=&#8221;3.27.4&#8243; custom_padding=&#8221;||||false|false&#8221;][et_pb_text _builder_version=&#8221;4.5.1&#8243; custom_padding=&#8221;25px|||||&#8221; hover_enabled=&#8221;0&#8243;]<\/p>\n<h2 style=\"text-align: center;\"><span style=\"font-size: xx-large; color: #ffffff;\"><strong>Gi\u1eef li\u00ean l\u1ea1c&#8230;<\/strong><\/span><\/h2>\n<p><strong><\/strong><\/p>\n<p>[\/et_pb_text][et_pb_text admin_label=&#8221;We Will Email Optin &#8211; Freddie &#8211; Lorem ipsum&#8221; _builder_version=&#8221;4.5.1&#8243; text_font=&#8221;Poppins||||||||&#8221; text_text_color=&#8221;#999999&#8243; text_font_size=&#8221;21px&#8221; text_orientation=&#8221;center&#8221; max_width=&#8221;100%&#8221; custom_margin=&#8221;||25px||false|false&#8221; custom_margin_tablet=&#8221;||10px||false|false&#8221; custom_margin_phone=&#8221;&#8221; custom_margin_last_edited=&#8221;on|tablet&#8221; hover_enabled=&#8221;0&#8243;]<\/p>\n<p><span color=\"#ffffff\" style=\"color: #ffffff;\">\u0110\u0103ng k\u00fd \u0111\u1ec3 nh\u1eadn b\u1ea3n tin c\u1eadp nh\u1eadt v\u1ec1 ho\u1ea1t \u0111\u1ed9ng c\u1ee7a ch\u00fangt\u00f4i \ud83d\ude42<\/span><\/p>\n<p>[\/et_pb_text][et_pb_signup mailchimp_list=&#8221;Hue Help Mailing List|225211da2d&#8221; layout=&#8221;top_bottom&#8221; name_field=&#8221;on&#8221; name_fullwidth=&#8221;off&#8221; first_name_fullwidth=&#8221;off&#8221; email_fullwidth=&#8221;off&#8221; button_text=&#8221;\u0110\u0102NG K\u00dd&#8221; admin_label=&#8221;We Will Email Optin &#8211; Freddie &#8211; Email Optin&#8221; _builder_version=&#8221;4.5.1&#8243; form_field_background_color=&#8221;#ffffff&#8221; form_field_text_color=&#8221;#999999&#8243; form_field_focus_background_color=&#8221;rgba(0,0,0,0)&#8221; form_field_focus_text_color=&#8221;#ffffff&#8221; form_field_custom_padding=&#8221;19px|19px|19px|19px|true|true&#8221; form_field_font=&#8221;Roboto||||||||&#8221; form_field_font_size=&#8221;16px&#8221; form_field_line_height=&#8221;100%&#8221; use_background_color=&#8221;off&#8221; custom_button=&#8221;on&#8221; button_text_size=&#8221;16px&#8221; button_text_color=&#8221;#ffffff&#8221; button_border_color=&#8221;#ffffff&#8221; button_border_radius=&#8221;0px&#8221; button_font=&#8221;Noto Sans|500|||||||&#8221; button_use_icon=&#8221;off&#8221; button_custom_padding=&#8221;15px|33px|15px|33px|true|true&#8221; text_orientation=&#8221;center&#8221; max_width=&#8221;707px&#8221; hover_enabled=&#8221;0&#8243; button_bg_color_tablet=&#8221;#fddd11&#8243; button_bg_color_last_edited=&#8221;off|desktop&#8221; button_bg_enable_color_tablet=&#8221;on&#8221; custom_css_main_element=&#8221;margin: 0 auto;&#8221; custom_css_newsletter_description=&#8221;color: #000;||    padding-bottom: 0;||    margin-bottom: 10px;&#8221; custom_css_newsletter_form=&#8221;padding-left: 0 !important;&#8221; custom_css_newsletter_button=&#8221;display: inline-block;||    width: auto;||    margin-top: 17px;&#8221; border_radii_fields=&#8221;on|0px|0px|0px|0px&#8221; border_width_all_fields=&#8221;2px&#8221; border_color_all_fields=&#8221;#3b3e3d&#8221; border_color_all_fields__hover_enabled=&#8221;on|hover&#8221; border_color_all_fields__hover=&#8221;#fddd11&#8243; button_bg_color__hover_enabled=&#8221;on|hover&#8221; button_bg_color__hover=&#8221;#fddd11&#8243; button_bg_enable_color__hover=&#8221;on&#8221; button_text_color__hover_enabled=&#8221;on|hover&#8221; button_text_color__hover=&#8221;#000000&#8243;][\/et_pb_signup][\/et_pb_column][\/et_pb_row][\/et_pb_section]<\/p>\n","protected":false},"excerpt":{"rendered":"<p>&nbsp; B\u1ea1n c\u00f3 th\u1ec3 quy\u00ean g\u00f3p cho Hue Help b\u1eb1ng c\u00e1ch mua s\u1eafm qua c\u00e1c \u0111\u1ed1i t\u00e1c g\u00e2y qu\u1ef9 tr\u1ef1c tuy\u1ebfn c\u1ee7a ch\u00fang t\u00f4i. Mua h\u00e0ng tr\u1ef1c tuy\u1ebfn Khi mua s\u1eafm qua c\u00e1c k\u00eanh d\u01b0\u1edbi \u0111\u00e2y, m\u1ed9t ph\u1ea7n chi ph\u00ed m\u00e0 b\u1ea1n thanh to\u00e1n s\u1ebd \u0111\u01b0\u1ee3c tr\u00edch ra \u0111\u1ec3 \u1ee7ng h\u1ed9 Hue Help &#8211; ho\u00e0n [&hellip;]<\/p>\n","protected":false},"author":1,"featured_media":0,"parent":262769,"menu_order":0,"comment_status":"closed","ping_status":"closed","template":"","meta":{"_et_pb_use_builder":"on","_et_pb_old_content":"<!-- wp:divi\/placeholder \/-->","_et_gb_content_width":"","_monsterinsights_skip_tracking":false,"_monsterinsights_sitenote_active":false,"_monsterinsights_sitenote_note":"","_monsterinsights_sitenote_category":0,"footnotes":""},"class_list":["post-262682","page","type-page","status-publish","hentry"],"yoast_head":"<!-- This site is optimized with the Yoast SEO plugin v24.0 - https:\/\/yoast.com\/wordpress\/plugins\/seo\/ -->\n<title>Shop Online - Hue Help<\/title>\n<meta name=\"robots\" content=\"index, follow, max-snippet:-1, max-image-preview:large, max-video-preview:-1\" \/>\n<link rel=\"canonical\" href=\"https:\/\/huehelp.org\/vi\/get-involved\/shop-online\/\" \/>\n<meta property=\"og:locale\" content=\"vi_VN\" \/>\n<meta property=\"og:type\" content=\"article\" \/>\n<meta property=\"og:title\" content=\"Shop Online - Hue Help\" \/>\n<meta property=\"og:description\" content=\"&nbsp; B\u1ea1n c\u00f3 th\u1ec3 quy\u00ean g\u00f3p cho Hue Help b\u1eb1ng c\u00e1ch mua s\u1eafm qua c\u00e1c \u0111\u1ed1i t\u00e1c g\u00e2y qu\u1ef9 tr\u1ef1c tuy\u1ebfn c\u1ee7a ch\u00fang t\u00f4i. Mua h\u00e0ng tr\u1ef1c tuy\u1ebfn Khi mua s\u1eafm qua c\u00e1c k\u00eanh d\u01b0\u1edbi \u0111\u00e2y, m\u1ed9t ph\u1ea7n chi ph\u00ed m\u00e0 b\u1ea1n thanh to\u00e1n s\u1ebd \u0111\u01b0\u1ee3c tr\u00edch ra \u0111\u1ec3 \u1ee7ng h\u1ed9 Hue Help - ho\u00e0n [&hellip;]\" \/>\n<meta property=\"og:url\" content=\"https:\/\/huehelp.org\/vi\/get-involved\/shop-online\/\" \/>\n<meta property=\"og:site_name\" content=\"Hue Help\" \/>\n<meta property=\"article:modified_time\" content=\"2020-08-04T09:24:16+00:00\" \/>\n<meta name=\"twitter:card\" content=\"summary_large_image\" \/>\n<meta name=\"twitter:label1\" content=\"Est. reading time\" \/>\n\t<meta name=\"twitter:data1\" content=\"4 minutes\" \/>\n<script type=\"application\/ld+json\" class=\"yoast-schema-graph\">{\"@context\":\"https:\/\/schema.org\",\"@graph\":[{\"@type\":\"WebPage\",\"@id\":\"https:\/\/huehelp.org\/vi\/get-involved\/shop-online\/\",\"url\":\"https:\/\/huehelp.org\/vi\/get-involved\/shop-online\/\",\"name\":\"Shop Online - Hue Help\",\"isPartOf\":{\"@id\":\"https:\/\/huehelp.org\/vi\/#website\"},\"datePublished\":\"2020-04-07T04:06:28+00:00\",\"dateModified\":\"2020-08-04T09:24:16+00:00\",\"breadcrumb\":{\"@id\":\"https:\/\/huehelp.org\/vi\/get-involved\/shop-online\/#breadcrumb\"},\"inLanguage\":\"vi-VN\",\"potentialAction\":[{\"@type\":\"ReadAction\",\"target\":[\"https:\/\/huehelp.org\/vi\/get-involved\/shop-online\/\"]}]},{\"@type\":\"BreadcrumbList\",\"@id\":\"https:\/\/huehelp.org\/vi\/get-involved\/shop-online\/#breadcrumb\",\"itemListElement\":[{\"@type\":\"ListItem\",\"position\":1,\"name\":\"Home\",\"item\":\"https:\/\/huehelp.org\/vi\/\"},{\"@type\":\"ListItem\",\"position\":2,\"name\":\"Get Involved\",\"item\":\"https:\/\/huehelp.org\/vi\/get-involved\/\"},{\"@type\":\"ListItem\",\"position\":3,\"name\":\"Shop Online\"}]},{\"@type\":\"WebSite\",\"@id\":\"https:\/\/huehelp.org\/vi\/#website\",\"url\":\"https:\/\/huehelp.org\/vi\/\",\"name\":\"Hue Help\",\"description\":\"Hue Help Children&#039;s Charity in Vietnam\",\"potentialAction\":[{\"@type\":\"SearchAction\",\"target\":{\"@type\":\"EntryPoint\",\"urlTemplate\":\"https:\/\/huehelp.org\/vi\/?s={search_term_string}\"},\"query-input\":{\"@type\":\"PropertyValueSpecification\",\"valueRequired\":true,\"valueName\":\"search_term_string\"}}],\"inLanguage\":\"vi-VN\"}]}<\/script>\n<!-- \/ Yoast SEO plugin. -->","yoast_head_json":{"title":"Shop Online - Hue Help","robots":{"index":"index","follow":"follow","max-snippet":"max-snippet:-1","max-image-preview":"max-image-preview:large","max-video-preview":"max-video-preview:-1"},"canonical":"https:\/\/huehelp.org\/vi\/get-involved\/shop-online\/","og_locale":"vi_VN","og_type":"article","og_title":"Shop Online - Hue Help","og_description":"&nbsp; B\u1ea1n c\u00f3 th\u1ec3 quy\u00ean g\u00f3p cho Hue Help b\u1eb1ng c\u00e1ch mua s\u1eafm qua c\u00e1c \u0111\u1ed1i t\u00e1c g\u00e2y qu\u1ef9 tr\u1ef1c tuy\u1ebfn c\u1ee7a ch\u00fang t\u00f4i. Mua h\u00e0ng tr\u1ef1c tuy\u1ebfn Khi mua s\u1eafm qua c\u00e1c k\u00eanh d\u01b0\u1edbi \u0111\u00e2y, m\u1ed9t ph\u1ea7n chi ph\u00ed m\u00e0 b\u1ea1n thanh to\u00e1n s\u1ebd \u0111\u01b0\u1ee3c tr\u00edch ra \u0111\u1ec3 \u1ee7ng h\u1ed9 Hue Help - ho\u00e0n [&hellip;]","og_url":"https:\/\/huehelp.org\/vi\/get-involved\/shop-online\/","og_site_name":"Hue Help","article_modified_time":"2020-08-04T09:24:16+00:00","twitter_card":"summary_large_image","twitter_misc":{"Est. reading time":"4 minutes"},"schema":{"@context":"https:\/\/schema.org","@graph":[{"@type":"WebPage","@id":"https:\/\/huehelp.org\/vi\/get-involved\/shop-online\/","url":"https:\/\/huehelp.org\/vi\/get-involved\/shop-online\/","name":"Shop Online - Hue Help","isPartOf":{"@id":"https:\/\/huehelp.org\/vi\/#website"},"datePublished":"2020-04-07T04:06:28+00:00","dateModified":"2020-08-04T09:24:16+00:00","breadcrumb":{"@id":"https:\/\/huehelp.org\/vi\/get-involved\/shop-online\/#breadcrumb"},"inLanguage":"vi-VN","potentialAction":[{"@type":"ReadAction","target":["https:\/\/huehelp.org\/vi\/get-involved\/shop-online\/"]}]},{"@type":"BreadcrumbList","@id":"https:\/\/huehelp.org\/vi\/get-involved\/shop-online\/#breadcrumb","itemListElement":[{"@type":"ListItem","position":1,"name":"Home","item":"https:\/\/huehelp.org\/vi\/"},{"@type":"ListItem","position":2,"name":"Get Involved","item":"https:\/\/huehelp.org\/vi\/get-involved\/"},{"@type":"ListItem","position":3,"name":"Shop Online"}]},{"@type":"WebSite","@id":"https:\/\/huehelp.org\/vi\/#website","url":"https:\/\/huehelp.org\/vi\/","name":"Hue Help","description":"Hue Help Children&#039;s Charity in Vietnam","potentialAction":[{"@type":"SearchAction","target":{"@type":"EntryPoint","urlTemplate":"https:\/\/huehelp.org\/vi\/?s={search_term_string}"},"query-input":{"@type":"PropertyValueSpecification","valueRequired":true,"valueName":"search_term_string"}}],"inLanguage":"vi-VN"}]}},"_links":{"self":[{"href":"https:\/\/huehelp.org\/vi\/wp-json\/wp\/v2\/pages\/262682","targetHints":{"allow":["GET"]}}],"collection":[{"href":"https:\/\/huehelp.org\/vi\/wp-json\/wp\/v2\/pages"}],"about":[{"href":"https:\/\/huehelp.org\/vi\/wp-json\/wp\/v2\/types\/page"}],"author":[{"embeddable":true,"href":"https:\/\/huehelp.org\/vi\/wp-json\/wp\/v2\/users\/1"}],"replies":[{"embeddable":true,"href":"https:\/\/huehelp.org\/vi\/wp-json\/wp\/v2\/comments?post=262682"}],"version-history":[{"count":2,"href":"https:\/\/huehelp.org\/vi\/wp-json\/wp\/v2\/pages\/262682\/revisions"}],"predecessor-version":[{"id":262685,"href":"https:\/\/huehelp.org\/vi\/wp-json\/wp\/v2\/pages\/262682\/revisions\/262685"}],"up":[{"embeddable":true,"href":"https:\/\/huehelp.org\/vi\/wp-json\/wp\/v2\/pages\/262769"}],"wp:attachment":[{"href":"https:\/\/huehelp.org\/vi\/wp-json\/wp\/v2\/media?parent=262682"}],"curies":[{"name":"wp","href":"https:\/\/api.w.org\/{rel}","templated":true}]}}