{"id":262686,"date":"2020-04-07T04:05:45","date_gmt":"2020-04-07T04:05:45","guid":{"rendered":"https:\/\/huehelp.org\/fundraise\/"},"modified":"2020-08-04T09:36:46","modified_gmt":"2020-08-04T09:36:46","slug":"fundraise","status":"publish","type":"page","link":"https:\/\/huehelp.org\/vi\/get-involved\/fundraise\/","title":{"rendered":"Fundraise"},"content":{"rendered":"<p>[et_pb_section fb_built=&#8221;1&#8243; fullwidth=&#8221;on&#8221; _builder_version=&#8221;4.2.2&#8243;][et_pb_fullwidth_slider _builder_version=&#8221;4.5.1&#8243; header_font=&#8221;Noto Sans||||||||&#8221; body_font=&#8221;Noto Sans||||||||&#8221; custom_button=&#8221;on&#8221; button_font=&#8221;Noto Sans||||||||&#8221; custom_padding=&#8221;244px||295px|||&#8221; hover_enabled=&#8221;0&#8243;][et_pb_slide heading=&#8221;G\u00e2y qu\u1ef9 cho Hue Help!&#8221; use_bg_overlay=&#8221;on&#8221; _builder_version=&#8221;4.5.1&#8243; background_color=&#8221;#0c71c3&#8243; background_enable_color=&#8221;on&#8221; background_image=&#8221;https:\/\/huehelp.org\/wp-content\/uploads\/2020\/04\/fundraise.jpg&#8221; background_enable_image=&#8221;on&#8221; parallax=&#8221;on&#8221; hover_enabled=&#8221;0&#8243;]<\/p>\n<p>&nbsp;<\/p>\n<p><span style=\"font-size: 18px;\">H\u1ed7 tr\u1ee3 g\u00e2y qu\u1ef9 cho Hue Help, d\u00f9 b\u1ea1n \u1edf n\u01a1i \u0111\u00e2u!<\/span><\/p>\n<p>[\/et_pb_slide][\/et_pb_fullwidth_slider][\/et_pb_section][et_pb_section fb_built=&#8221;1&#8243; _builder_version=&#8221;4.4.2&#8243;][et_pb_row _builder_version=&#8221;4.4.2&#8243; custom_padding=&#8221;||2px|||&#8221;][et_pb_column type=&#8221;4_4&#8243; _builder_version=&#8221;4.4.2&#8243;][et_pb_text _builder_version=&#8221;4.5.1&#8243; hover_enabled=&#8221;0&#8243;]<\/p>\n<h1 style=\"text-align: center;\"><span style=\"color: #0c71c3;\">G\u00e2y qu\u1ef9 cho Hue Help<\/span><\/h1>\n<p>&nbsp;<\/p>\n<p>C\u00f3 r\u1ea5t nhi\u1ec1u c\u00e1ch \u0111\u1ec3 b\u1ea1n c\u00f3 th\u1ec3 gi\u00fap g\u00e2y qu\u1ef9 cho Hue Help! T\u1ea5t c\u1ea3 qu\u1ef9 quy\u00ean g\u00f3p \u0111\u01b0\u1ee3c s\u1ebd \u0111\u01b0\u1ee3c s\u1eed d\u1ee5ng \u0111\u1ec3 g\u00f3p ph\u1ea7n c\u1ea3i thi\u1ec7n s\u1ee9c kh\u1ecfe, gi\u00e1o d\u1ee5c v\u00e0 t\u01b0\u01a1ng lai cho tr\u1ebb em \u1edf Vi\u1ec7t Nam.<\/p>\n<p>N\u1ebfu b\u1ea1n \u0111ang c\u00f3 k\u1ebf ho\u1ea1ch t\u1ed5 ch\u1ee9c m\u1ed9t s\u1ef1 ki\u1ec7n g\u00e2y qu\u1ef9 cho Hue Help, vui l\u00f2ng <a href=\"https:\/\/huehelp.org\/contact-us\/\">li\u00ean h\u1ec7 ch\u00fang t\u00f4i<\/a>! Ch\u00fang t\u00f4i c\u00f3 th\u1ec3 c\u0169ng c\u1ea5p c\u00e1c t\u00e0i li\u1ec7u qu\u1ea3ng c\u00e1o v\u00e0 c\u0169ng c\u00f3 th\u1ec3 h\u1ed7 tr\u1ee3 qu\u1ea3ng b\u00e1 s\u1ef1 ki\u1ec7n c\u1ee7a b\u1ea1n.<\/p>\n<p>&nbsp;<\/p>\n<p>[\/et_pb_text][\/et_pb_column][\/et_pb_row][et_pb_row _builder_version=&#8221;4.4.2&#8243; custom_padding=&#8221;33px||27px|||&#8221;][et_pb_column type=&#8221;4_4&#8243; _builder_version=&#8221;4.4.2&#8243;][et_pb_text _builder_version=&#8221;4.5.1&#8243; hover_enabled=&#8221;0&#8243;]<\/p>\n<p><span style=\"font-size: large; color: #0c71c3;\"><strong>B\u1ea1n \u0111ang t\u00ecm ki\u1ebfm \u00fd t\u01b0\u1edfng? H\u00e3y tham kh\u1ea3o hai trang web sau:<\/strong><\/span><\/p>\n<p><a href=\"https:\/\/www.causevox.com\/fundraising-ideas\/\">* CauseVox \u2013 101+ Fundraising Ideas<\/a><\/p>\n<p>*\u00a0<a href=\"https:\/\/www.eventbrite.com\/blog\/fundraising-ideas-ds00\/\">EventBrite \u2013 100 Unique Fundraising Ideas<\/a><\/p>\n<p>\u00a0N\u1ebfu kh\u00f4ng c\u00f3 \u00fd t\u01b0\u1edfng n\u00e0o trong s\u1ed1 n\u00e0y ph\u00f9 h\u1ee3p v\u1edbi b\u1ea1n, h\u00e3y\u00a0<a href=\"https:\/\/huehelp.org\/contact-us\/\">li\u00ean h\u1ec7 ch\u00fang t\u00f4i<\/a>!<\/p>\n<p><span style=\"font-size: medium;\"><\/span><\/p>\n<p>[\/et_pb_text][\/et_pb_column][\/et_pb_row][et_pb_row _builder_version=&#8221;4.4.3&#8243; custom_margin=&#8221;|auto|-47px|auto||&#8221;][et_pb_column type=&#8221;4_4&#8243; _builder_version=&#8221;4.4.2&#8243;][et_pb_text _builder_version=&#8221;4.5.1&#8243; hover_enabled=&#8221;0&#8243;]<\/p>\n<p><span style=\"color: #0c71c3; font-size: large;\"><strong>T\u1ea1o m\u1ed9t trang g\u00e2y qu\u1ef9!<\/strong><\/span><\/p>\n<p>T\u1ea1o m\u1ed9t trang g\u00e2y qu\u1ef9 mi\u1ec5n ph\u00ed v\u1edbi JustGiving \u0111\u1ec3 g\u00e2y qu\u1ef9 tr\u1ef1c tuy\u1ebfn.\u00a0<\/p>\n<p><a href=\"\/\/widgets.justgiving.com\/Button\/Redirect?p=eyJUZXh0IjoiSHVlIEhlbHAiLCJJZCI6Ijc5YWZiZGQ2LWU5ZDctNDA3ZS04NjEyLWE0YmM0N2FhZGNjYiIsIkNoYXJpdHlJZCI6MTgyNzY0LCJTaXplIjoibCIsIlJlZmVyZW5jZSI6IiIsIlR5cGUiOiJDaGFyaXR5RnVuZHJhaXNpbmcifQ==\"><img decoding=\"async\" src=\"\/\/widgets.justgiving.com\/Button?p=eyJUZXh0IjoiSHVlIEhlbHAiLCJJZCI6Ijc5YWZiZGQ2LWU5ZDctNDA3ZS04NjEyLWE0YmM0N2FhZGNjYiIsIkNoYXJpdHlJZCI6MTgyNzY0LCJTaXplIjoibCIsIlJlZmVyZW5jZSI6IiIsIlR5cGUiOiJDaGFyaXR5RnVuZHJhaXNpbmcifQ==\" style=\"display: block; margin-left: auto; margin-right: auto;\" \/><\/a><\/p>\n<p>[\/et_pb_text][\/et_pb_column][\/et_pb_row][\/et_pb_section][et_pb_section fb_built=&#8221;1&#8243; custom_padding_last_edited=&#8221;on|phone&#8221; admin_label=&#8221;We Will Email Optin &#8211; Freddie&#8221; module_class=&#8221;home_subscribe_section old_times_blog_subscribe&#8221; _builder_version=&#8221;4.4.3&#8243; background_color=&#8221;#002556&#8243; background_image=&#8221;https:\/\/staging.huehelp.org\/wp-content\/uploads\/2020\/01\/sfs4.jpg&#8221; background_blend=&#8221;overlay&#8221; custom_padding=&#8221;79px||41px||false|false&#8221; custom_padding_tablet=&#8221;60px||60px||false|false&#8221; custom_padding_phone=&#8221;40px||40px||false|false&#8221; saved_tabs=&#8221;all&#8221; locked=&#8221;off&#8221; collapsed=&#8221;off&#8221;][et_pb_row use_custom_gutter=&#8221;on&#8221; gutter_width=&#8221;2&#8243; admin_label=&#8221;We Will Email Optin &#8211; Freddie &#8211; Row&#8221; _builder_version=&#8221;3.29.3&#8243; width=&#8221;90%&#8221; max_width=&#8221;1170px&#8221;][et_pb_column type=&#8221;4_4&#8243; _builder_version=&#8221;3.27.4&#8243; custom_padding=&#8221;||||false|false&#8221;][et_pb_text _builder_version=&#8221;4.5.1&#8243; custom_padding=&#8221;25px|||||&#8221; hover_enabled=&#8221;0&#8243;]<\/p>\n<h2 style=\"text-align: center;\"><span style=\"font-size: xx-large; color: #ffffff;\"><strong>Gi\u1eef li\u00ean l\u1ea1c&#8230;<\/strong><\/span><\/h2>\n<p><strong><\/strong><\/p>\n<p>[\/et_pb_text][et_pb_text admin_label=&#8221;We Will Email Optin &#8211; Freddie &#8211; Lorem ipsum&#8221; _builder_version=&#8221;4.5.1&#8243; text_font=&#8221;Poppins||||||||&#8221; text_text_color=&#8221;#999999&#8243; text_font_size=&#8221;21px&#8221; text_orientation=&#8221;center&#8221; max_width=&#8221;100%&#8221; custom_margin=&#8221;||25px||false|false&#8221; custom_margin_tablet=&#8221;||10px||false|false&#8221; custom_margin_phone=&#8221;&#8221; custom_margin_last_edited=&#8221;on|tablet&#8221; hover_enabled=&#8221;0&#8243;]<\/p>\n<p><span color=\"#ffffff\" style=\"color: #ffffff;\">\u0110\u0103ng k\u00fd \u0111\u1ec3 nh\u1eadn b\u1ea3n tin c\u1eadp nh\u1eadt v\u1ec1 ho\u1ea1t \u0111\u1ed9ng c\u1ee7a ch\u00fang t\u00f4i \ud83d\ude42<\/span><\/p>\n<p>[\/et_pb_text][et_pb_signup mailchimp_list=&#8221;Hue Help Mailing List|225211da2d&#8221; layout=&#8221;top_bottom&#8221; name_field=&#8221;on&#8221; name_fullwidth=&#8221;off&#8221; first_name_fullwidth=&#8221;off&#8221; email_fullwidth=&#8221;off&#8221; button_text=&#8221;\u0110\u0102NG K\u00dd&#8221; admin_label=&#8221;We Will Email Optin &#8211; Freddie &#8211; Email Optin&#8221; _builder_version=&#8221;4.5.1&#8243; form_field_background_color=&#8221;#ffffff&#8221; form_field_text_color=&#8221;#999999&#8243; form_field_focus_background_color=&#8221;rgba(0,0,0,0)&#8221; form_field_focus_text_color=&#8221;#ffffff&#8221; form_field_custom_padding=&#8221;19px|19px|19px|19px|true|true&#8221; form_field_font=&#8221;Roboto||||||||&#8221; form_field_font_size=&#8221;16px&#8221; form_field_line_height=&#8221;100%&#8221; use_background_color=&#8221;off&#8221; custom_button=&#8221;on&#8221; button_text_size=&#8221;16px&#8221; button_text_color=&#8221;#ffffff&#8221; button_border_color=&#8221;#ffffff&#8221; button_border_radius=&#8221;0px&#8221; button_font=&#8221;Noto Sans|500|||||||&#8221; button_use_icon=&#8221;off&#8221; button_custom_padding=&#8221;15px|33px|15px|33px|true|true&#8221; text_orientation=&#8221;center&#8221; max_width=&#8221;707px&#8221; hover_enabled=&#8221;0&#8243; button_bg_color_tablet=&#8221;#fddd11&#8243; button_bg_color_last_edited=&#8221;off|desktop&#8221; button_bg_enable_color_tablet=&#8221;on&#8221; custom_css_main_element=&#8221;margin: 0 auto;&#8221; custom_css_newsletter_description=&#8221;color: #000;||    padding-bottom: 0;||    margin-bottom: 10px;&#8221; custom_css_newsletter_form=&#8221;padding-left: 0 !important;&#8221; custom_css_newsletter_button=&#8221;display: inline-block;||    width: auto;||    margin-top: 17px;&#8221; border_radii_fields=&#8221;on|0px|0px|0px|0px&#8221; border_width_all_fields=&#8221;2px&#8221; border_color_all_fields=&#8221;#3b3e3d&#8221; border_color_all_fields__hover_enabled=&#8221;on|hover&#8221; border_color_all_fields__hover=&#8221;#fddd11&#8243; button_bg_color__hover_enabled=&#8221;on|hover&#8221; button_bg_color__hover=&#8221;#fddd11&#8243; button_bg_enable_color__hover=&#8221;on&#8221; button_text_color__hover_enabled=&#8221;on|hover&#8221; button_text_color__hover=&#8221;#000000&#8243;][\/et_pb_signup][\/et_pb_column][\/et_pb_row][\/et_pb_section]<\/p>\n","protected":false},"excerpt":{"rendered":"<p>&nbsp; H\u1ed7 tr\u1ee3 g\u00e2y qu\u1ef9 cho Hue Help, d\u00f9 b\u1ea1n \u1edf n\u01a1i \u0111\u00e2u! G\u00e2y qu\u1ef9 cho Hue Help &nbsp; C\u00f3 r\u1ea5t nhi\u1ec1u c\u00e1ch \u0111\u1ec3 b\u1ea1n c\u00f3 th\u1ec3 gi\u00fap g\u00e2y qu\u1ef9 cho Hue Help! T\u1ea5t c\u1ea3 qu\u1ef9 quy\u00ean g\u00f3p \u0111\u01b0\u1ee3c s\u1ebd \u0111\u01b0\u1ee3c s\u1eed d\u1ee5ng \u0111\u1ec3 g\u00f3p ph\u1ea7n c\u1ea3i thi\u1ec7n s\u1ee9c kh\u1ecfe, gi\u00e1o d\u1ee5c v\u00e0 t\u01b0\u01a1ng lai [&hellip;]<\/p>\n","protected":false},"author":1,"featured_media":0,"parent":262769,"menu_order":0,"comment_status":"closed","ping_status":"closed","template":"","meta":{"_et_pb_use_builder":"on","_et_pb_old_content":"<!-- wp:divi\/placeholder \/-->","_et_gb_content_width":"","_monsterinsights_skip_tracking":false,"_monsterinsights_sitenote_active":false,"_monsterinsights_sitenote_note":"","_monsterinsights_sitenote_category":0,"footnotes":""},"class_list":["post-262686","page","type-page","status-publish","hentry"],"yoast_head":"<!-- This site is optimized with the Yoast SEO plugin v24.0 - https:\/\/yoast.com\/wordpress\/plugins\/seo\/ -->\n<title>Fundraise - Hue Help<\/title>\n<meta name=\"robots\" content=\"index, follow, max-snippet:-1, max-image-preview:large, max-video-preview:-1\" \/>\n<link rel=\"canonical\" href=\"https:\/\/huehelp.org\/vi\/get-involved\/fundraise\/\" \/>\n<meta property=\"og:locale\" content=\"vi_VN\" \/>\n<meta property=\"og:type\" content=\"article\" \/>\n<meta property=\"og:title\" content=\"Fundraise - Hue Help\" \/>\n<meta property=\"og:description\" content=\"&nbsp; H\u1ed7 tr\u1ee3 g\u00e2y qu\u1ef9 cho Hue Help, d\u00f9 b\u1ea1n \u1edf n\u01a1i \u0111\u00e2u! G\u00e2y qu\u1ef9 cho Hue Help &nbsp; C\u00f3 r\u1ea5t nhi\u1ec1u c\u00e1ch \u0111\u1ec3 b\u1ea1n c\u00f3 th\u1ec3 gi\u00fap g\u00e2y qu\u1ef9 cho Hue Help! T\u1ea5t c\u1ea3 qu\u1ef9 quy\u00ean g\u00f3p \u0111\u01b0\u1ee3c s\u1ebd \u0111\u01b0\u1ee3c s\u1eed d\u1ee5ng \u0111\u1ec3 g\u00f3p ph\u1ea7n c\u1ea3i thi\u1ec7n s\u1ee9c kh\u1ecfe, gi\u00e1o d\u1ee5c v\u00e0 t\u01b0\u01a1ng lai [&hellip;]\" \/>\n<meta property=\"og:url\" content=\"https:\/\/huehelp.org\/vi\/get-involved\/fundraise\/\" \/>\n<meta property=\"og:site_name\" content=\"Hue Help\" \/>\n<meta property=\"article:modified_time\" content=\"2020-08-04T09:36:46+00:00\" \/>\n<meta property=\"og:image\" content=\"\/\/widgets.justgiving.com\/Button?p=eyJUZXh0IjoiSHVlIEhlbHAiLCJJZCI6Ijc5YWZiZGQ2LWU5ZDctNDA3ZS04NjEyLWE0YmM0N2FhZGNjYiIsIkNoYXJpdHlJZCI6MTgyNzY0LCJTaXplIjoibCIsIlJlZmVyZW5jZSI6IiIsIlR5cGUiOiJDaGFyaXR5RnVuZHJhaXNpbmcifQ==\" \/>\n<meta name=\"twitter:card\" content=\"summary_large_image\" \/>\n<meta name=\"twitter:label1\" content=\"Est. reading time\" \/>\n\t<meta name=\"twitter:data1\" content=\"4 minutes\" \/>\n<script type=\"application\/ld+json\" class=\"yoast-schema-graph\">{\"@context\":\"https:\/\/schema.org\",\"@graph\":[{\"@type\":\"WebPage\",\"@id\":\"https:\/\/huehelp.org\/vi\/get-involved\/fundraise\/\",\"url\":\"https:\/\/huehelp.org\/vi\/get-involved\/fundraise\/\",\"name\":\"Fundraise - Hue Help\",\"isPartOf\":{\"@id\":\"https:\/\/huehelp.org\/vi\/#website\"},\"datePublished\":\"2020-04-07T04:05:45+00:00\",\"dateModified\":\"2020-08-04T09:36:46+00:00\",\"breadcrumb\":{\"@id\":\"https:\/\/huehelp.org\/vi\/get-involved\/fundraise\/#breadcrumb\"},\"inLanguage\":\"vi-VN\",\"potentialAction\":[{\"@type\":\"ReadAction\",\"target\":[\"https:\/\/huehelp.org\/vi\/get-involved\/fundraise\/\"]}]},{\"@type\":\"BreadcrumbList\",\"@id\":\"https:\/\/huehelp.org\/vi\/get-involved\/fundraise\/#breadcrumb\",\"itemListElement\":[{\"@type\":\"ListItem\",\"position\":1,\"name\":\"Home\",\"item\":\"https:\/\/huehelp.org\/vi\/\"},{\"@type\":\"ListItem\",\"position\":2,\"name\":\"Get Involved\",\"item\":\"https:\/\/huehelp.org\/vi\/get-involved\/\"},{\"@type\":\"ListItem\",\"position\":3,\"name\":\"Fundraise\"}]},{\"@type\":\"WebSite\",\"@id\":\"https:\/\/huehelp.org\/vi\/#website\",\"url\":\"https:\/\/huehelp.org\/vi\/\",\"name\":\"Hue Help\",\"description\":\"Hue Help Children&#039;s Charity in Vietnam\",\"potentialAction\":[{\"@type\":\"SearchAction\",\"target\":{\"@type\":\"EntryPoint\",\"urlTemplate\":\"https:\/\/huehelp.org\/vi\/?s={search_term_string}\"},\"query-input\":{\"@type\":\"PropertyValueSpecification\",\"valueRequired\":true,\"valueName\":\"search_term_string\"}}],\"inLanguage\":\"vi-VN\"}]}<\/script>\n<!-- \/ Yoast SEO plugin. -->","yoast_head_json":{"title":"Fundraise - Hue Help","robots":{"index":"index","follow":"follow","max-snippet":"max-snippet:-1","max-image-preview":"max-image-preview:large","max-video-preview":"max-video-preview:-1"},"canonical":"https:\/\/huehelp.org\/vi\/get-involved\/fundraise\/","og_locale":"vi_VN","og_type":"article","og_title":"Fundraise - Hue Help","og_description":"&nbsp; H\u1ed7 tr\u1ee3 g\u00e2y qu\u1ef9 cho Hue Help, d\u00f9 b\u1ea1n \u1edf n\u01a1i \u0111\u00e2u! G\u00e2y qu\u1ef9 cho Hue Help &nbsp; C\u00f3 r\u1ea5t nhi\u1ec1u c\u00e1ch \u0111\u1ec3 b\u1ea1n c\u00f3 th\u1ec3 gi\u00fap g\u00e2y qu\u1ef9 cho Hue Help! T\u1ea5t c\u1ea3 qu\u1ef9 quy\u00ean g\u00f3p \u0111\u01b0\u1ee3c s\u1ebd \u0111\u01b0\u1ee3c s\u1eed d\u1ee5ng \u0111\u1ec3 g\u00f3p ph\u1ea7n c\u1ea3i thi\u1ec7n s\u1ee9c kh\u1ecfe, gi\u00e1o d\u1ee5c v\u00e0 t\u01b0\u01a1ng lai [&hellip;]","og_url":"https:\/\/huehelp.org\/vi\/get-involved\/fundraise\/","og_site_name":"Hue Help","article_modified_time":"2020-08-04T09:36:46+00:00","og_image":[{"url":"\/\/widgets.justgiving.com\/Button?p=eyJUZXh0IjoiSHVlIEhlbHAiLCJJZCI6Ijc5YWZiZGQ2LWU5ZDctNDA3ZS04NjEyLWE0YmM0N2FhZGNjYiIsIkNoYXJpdHlJZCI6MTgyNzY0LCJTaXplIjoibCIsIlJlZmVyZW5jZSI6IiIsIlR5cGUiOiJDaGFyaXR5RnVuZHJhaXNpbmcifQ==","type":"","width":"","height":""}],"twitter_card":"summary_large_image","twitter_misc":{"Est. reading time":"4 minutes"},"schema":{"@context":"https:\/\/schema.org","@graph":[{"@type":"WebPage","@id":"https:\/\/huehelp.org\/vi\/get-involved\/fundraise\/","url":"https:\/\/huehelp.org\/vi\/get-involved\/fundraise\/","name":"Fundraise - Hue Help","isPartOf":{"@id":"https:\/\/huehelp.org\/vi\/#website"},"datePublished":"2020-04-07T04:05:45+00:00","dateModified":"2020-08-04T09:36:46+00:00","breadcrumb":{"@id":"https:\/\/huehelp.org\/vi\/get-involved\/fundraise\/#breadcrumb"},"inLanguage":"vi-VN","potentialAction":[{"@type":"ReadAction","target":["https:\/\/huehelp.org\/vi\/get-involved\/fundraise\/"]}]},{"@type":"BreadcrumbList","@id":"https:\/\/huehelp.org\/vi\/get-involved\/fundraise\/#breadcrumb","itemListElement":[{"@type":"ListItem","position":1,"name":"Home","item":"https:\/\/huehelp.org\/vi\/"},{"@type":"ListItem","position":2,"name":"Get Involved","item":"https:\/\/huehelp.org\/vi\/get-involved\/"},{"@type":"ListItem","position":3,"name":"Fundraise"}]},{"@type":"WebSite","@id":"https:\/\/huehelp.org\/vi\/#website","url":"https:\/\/huehelp.org\/vi\/","name":"Hue Help","description":"Hue Help Children&#039;s Charity in Vietnam","potentialAction":[{"@type":"SearchAction","target":{"@type":"EntryPoint","urlTemplate":"https:\/\/huehelp.org\/vi\/?s={search_term_string}"},"query-input":{"@type":"PropertyValueSpecification","valueRequired":true,"valueName":"search_term_string"}}],"inLanguage":"vi-VN"}]}},"_links":{"self":[{"href":"https:\/\/huehelp.org\/vi\/wp-json\/wp\/v2\/pages\/262686","targetHints":{"allow":["GET"]}}],"collection":[{"href":"https:\/\/huehelp.org\/vi\/wp-json\/wp\/v2\/pages"}],"about":[{"href":"https:\/\/huehelp.org\/vi\/wp-json\/wp\/v2\/types\/page"}],"author":[{"embeddable":true,"href":"https:\/\/huehelp.org\/vi\/wp-json\/wp\/v2\/users\/1"}],"replies":[{"embeddable":true,"href":"https:\/\/huehelp.org\/vi\/wp-json\/wp\/v2\/comments?post=262686"}],"version-history":[{"count":2,"href":"https:\/\/huehelp.org\/vi\/wp-json\/wp\/v2\/pages\/262686\/revisions"}],"predecessor-version":[{"id":262689,"href":"https:\/\/huehelp.org\/vi\/wp-json\/wp\/v2\/pages\/262686\/revisions\/262689"}],"up":[{"embeddable":true,"href":"https:\/\/huehelp.org\/vi\/wp-json\/wp\/v2\/pages\/262769"}],"wp:attachment":[{"href":"https:\/\/huehelp.org\/vi\/wp-json\/wp\/v2\/media?parent=262686"}],"curies":[{"name":"wp","href":"https:\/\/api.w.org\/{rel}","templated":true}]}}