{"id":262691,"date":"2020-04-07T04:01:29","date_gmt":"2020-04-07T04:01:29","guid":{"rendered":"https:\/\/huehelp.org\/gifts-in-kind\/"},"modified":"2020-08-07T09:56:30","modified_gmt":"2020-08-07T09:56:30","slug":"gifts-in-kind","status":"publish","type":"page","link":"https:\/\/huehelp.org\/vi\/get-involved\/gifts-in-kind\/","title":{"rendered":"Gifts in Kind"},"content":{"rendered":"<p>[et_pb_section fb_built=&#8221;1&#8243; fullwidth=&#8221;on&#8221; _builder_version=&#8221;4.2.2&#8243;][et_pb_fullwidth_slider _builder_version=&#8221;4.5.1&#8243; header_font=&#8221;Noto Sans||||||||&#8221; body_font=&#8221;Noto Sans||||||||&#8221; custom_button=&#8221;on&#8221; button_font=&#8221;Noto Sans||||||||&#8221; custom_padding=&#8221;244px||295px|||&#8221;][et_pb_slide heading=&#8221;Qu\u00e0 t\u1eb7ng b\u1eb1ng hi\u1ec7n v\u1eadt&#8221; use_bg_overlay=&#8221;on&#8221; _builder_version=&#8221;4.5.1&#8243; background_color=&#8221;#0c71c3&#8243; background_enable_color=&#8221;on&#8221; background_image=&#8221;https:\/\/huehelp.org\/wp-content\/uploads\/2020\/04\/shop.jpg&#8221; background_enable_image=&#8221;on&#8221; parallax=&#8221;on&#8221;]<\/p>\n<p>&nbsp;<\/p>\n<p><span style=\"font-size: 18px;\">M\u00f3n qu\u00e0 nh\u1ecf c\u1ee7a b\u1ea1n c\u00f3 th\u1ec3 t\u1ea1o n\u00ean \u0111i\u1ec1u kh\u00e1c bi\u1ec7t l\u1edbn cho ch\u00fang t\u00f4i!<\/span><\/p>\n<p>[\/et_pb_slide][\/et_pb_fullwidth_slider][\/et_pb_section][et_pb_section fb_built=&#8221;1&#8243; _builder_version=&#8221;4.4.2&#8243; custom_padding=&#8221;38px||0px|||&#8221;][et_pb_row _builder_version=&#8221;4.4.2&#8243;][et_pb_column type=&#8221;4_4&#8243; _builder_version=&#8221;4.4.2&#8243;][et_pb_text _builder_version=&#8221;4.5.3&#8243; hover_enabled=&#8221;0&#8243;]<\/p>\n<p style=\"text-align: center;\"><span style=\"font-size: xx-large; color: #0c71c3;\">Qu\u00e0 t\u1eb7ng b\u1eb1ng hi\u1ec7n v\u1eadt<\/span><\/p>\n<p style=\"text-align: center;\"><span style=\"font-size: xx-large; color: #0c71c3;\"><\/span><\/p>\n<p>Nh\u1eefng m\u00f3n qu\u00e0 c\u1ee7a b\u1ea1n c\u00f3 th\u1ec3 t\u1ea1o n\u00ean s\u1ef1 kh\u00e1c bi\u1ec7t l\u1edbn cho ch\u01b0\u01a1ng tr\u00ecnh c\u1ee7a ch\u00fang t\u00f4i. N\u1ebfu b\u1ea1n mu\u1ed1n t\u1eb7ng hi\u1ec7n v\u1eadt, vui l\u00f2ng li\u00ean h\u1ec7 v\u1edbi ch\u00fang t\u00f4i \u0111\u1ec3 cung c\u1ea5p chi ti\u1ebft v\u00e0 ch\u00fang t\u00f4i s\u1ebd tr\u1ef1c ti\u1ebfp tr\u1ea3 l\u1eddi b\u1ea1n.<\/p>\n<p>Do l\u1ec7 ph\u00ed h\u1ea3i quan, vi\u1ec7c nh\u1eadn nh\u1eefng m\u00f3n qu\u00e0 t\u1eeb n\u01b0\u1edbc ngo\u00e0i g\u1eedi v\u1ec1 th\u01b0\u1eddng g\u1eb7p kh\u00f3 kh\u0103n. L\u1ec7 ph\u00ed n\u00e0y th\u01b0\u1eddng cao h\u01a1n chi ph\u00ed g\u1eedi b\u01b0u \u0111i\u1ec7n v\u00e0 th\u1eadm ch\u00ed cao h\u01a1n ch\u00ednh gi\u00e1 tr\u1ecb c\u1ee7a m\u00f3n qu\u00e0. V\u00ec l\u00fd do n\u00e0y, vui l\u00f2ng li\u00ean h\u1ec7 ch\u00fang t\u00f4i tr\u01b0\u1edbc khi g\u1eedi b\u1eb1ng \u0111\u01b0\u1eddng b\u01b0u \u0111i\u1ec7n\/\u0111\u01b0\u1eddng th\u1ee7y b\u1ea5t k\u1ef3 m\u00f3n qu\u00e0 g\u00ec, b\u1edfi r\u1ea5t ti\u1ebfc r\u1eb1ng kh\u00f4ng ph\u1ea3i l\u00fac n\u00e0o ch\u00fang t\u00f4i c\u0169ng c\u00f3 kh\u1ea3 n\u0103ng nh\u1eadn nh\u1eefng m\u00f3n qu\u00e0 \u0111\u00f3.<\/p>\n<p><strong>Ch\u00fang t\u00f4i c\u1ea7n nh\u1eefng g\u00ec<\/strong><\/p>\n<p>D\u01b0\u1edbi \u0111\u00e2y l\u00e0 m\u1ed9t v\u00e0i hi\u1ec7n v\u1eadt m\u00e0 ch\u00fang t\u00f4i th\u1ef1c s\u1ef1 c\u00f3 th\u1ec3 d\u00f9ng \u0111\u01b0\u1ee3c.<\/p>\n<ul>\n<li>\u0110\u1ed3 ch\u01a1i tr\u1ebb em<\/li>\n<li>Xe \u0111\u1ea1p<\/li>\n<li>Xe m\u00e1y<\/li>\n<li>\u0110\u1ed3 b\u01a1i tr\u1ebb em( m\u1edbi)<\/li>\n<li>K\u00ednh b\u01a1i &amp; nh\u1eefng trang thi\u1ebft b\u1ecb b\u01a1i kh\u00e1c<\/li>\n<li>M\u00e1y t\u00ednh \u0111\u1ec3 b\u00e0n\/ m\u00e1y t\u00ednh x\u00e1ch tay<\/li>\n<li>M\u00e1y \u0111i\u1ec7n thoa\u1ecb di \u0111\u1ed9ng \u0111\u00e3 m\u1edf kh\u00f3a<\/li>\n<li>M\u00e1y chi\u1ebfu<\/li>\n<li>\u00c1o qu\u1ea7n ch\u1ea5t l\u01b0\u1ee3ng t\u1ed1t<\/li>\n<li>V\u0103n ph\u00f2ng ph\u1ea9m &amp; d\u1ee5ng c\u1ee5 ngh\u1ec7 thu\u1eadt<\/li>\n<\/ul>\n<p>\u0110\u00e2y kh\u00f4ng ph\u1ea3i l\u00e0 danh s\u00e1ch \u0111\u1ea7y \u0111\u1ee7 \u2013 n\u1ebfu b\u1ea1n c\u00f3 nh\u1eefng v\u1eadt d\u1ee5ng kh\u00e1c mu\u1ed1n t\u1eb7ng, h\u00e3y chia s\u1ebb \u00fd ki\u1ebfn c\u1ee7a b\u1ea1n v\u1edbi ch\u00fang t\u00f4i!<\/p>\n<p>[\/et_pb_text][\/et_pb_column][\/et_pb_row][\/et_pb_section][et_pb_section fb_built=&#8221;1&#8243; custom_padding_last_edited=&#8221;on|phone&#8221; admin_label=&#8221;We Will Email Optin &#8211; Freddie&#8221; module_class=&#8221;home_subscribe_section old_times_blog_subscribe&#8221; _builder_version=&#8221;4.4.3&#8243; background_color=&#8221;#002556&#8243; background_image=&#8221;https:\/\/staging.huehelp.org\/wp-content\/uploads\/2020\/01\/sfs4.jpg&#8221; background_blend=&#8221;overlay&#8221; custom_padding=&#8221;79px||41px||false|false&#8221; custom_padding_tablet=&#8221;60px||60px||false|false&#8221; custom_padding_phone=&#8221;40px||40px||false|false&#8221; saved_tabs=&#8221;all&#8221; locked=&#8221;off&#8221; collapsed=&#8221;off&#8221;][et_pb_row use_custom_gutter=&#8221;on&#8221; gutter_width=&#8221;2&#8243; admin_label=&#8221;We Will Email Optin &#8211; Freddie &#8211; Row&#8221; _builder_version=&#8221;3.29.3&#8243; width=&#8221;90%&#8221; max_width=&#8221;1170px&#8221;][et_pb_column type=&#8221;4_4&#8243; _builder_version=&#8221;3.27.4&#8243; custom_padding=&#8221;||||false|false&#8221;][et_pb_text _builder_version=&#8221;4.5.1&#8243; custom_padding=&#8221;25px|||||&#8221;]<\/p>\n<h2 style=\"text-align: center;\"><span style=\"font-size: xx-large; color: #ffffff;\"><strong>Gi\u1eef li\u00ean l\u1ea1c&#8230;<\/strong><\/span><\/h2>\n<p><strong><\/strong><\/p>\n<p>[\/et_pb_text][et_pb_text admin_label=&#8221;We Will Email Optin &#8211; Freddie &#8211; Lorem ipsum&#8221; _builder_version=&#8221;4.5.1&#8243; text_font=&#8221;Poppins||||||||&#8221; text_text_color=&#8221;#999999&#8243; text_font_size=&#8221;21px&#8221; text_orientation=&#8221;center&#8221; max_width=&#8221;100%&#8221; custom_margin=&#8221;||25px||false|false&#8221; custom_margin_tablet=&#8221;||10px||false|false&#8221; custom_margin_phone=&#8221;&#8221; custom_margin_last_edited=&#8221;on|tablet&#8221;]<\/p>\n<p><span color=\"#ffffff\" style=\"color: #ffffff;\">\u0110\u0103ng k\u00fd \u0111\u1ec3 nh\u1eadn b\u1ea3n tin c\u1eadp nh\u1eadt v\u1ec1 ho\u1ea1t \u0111\u1ed9ng c\u1ee7a ch\u00fang t\u00f4i \ud83d\ude42<\/span><\/p>\n<p>[\/et_pb_text][et_pb_signup mailchimp_list=&#8221;Hue Help Mailing List|225211da2d&#8221; layout=&#8221;top_bottom&#8221; name_field=&#8221;on&#8221; name_fullwidth=&#8221;off&#8221; first_name_fullwidth=&#8221;off&#8221; email_fullwidth=&#8221;off&#8221; button_text=&#8221;\u0110\u0102NG K\u00dd&#8221; admin_label=&#8221;We Will Email Optin &#8211; Freddie &#8211; Email Optin&#8221; _builder_version=&#8221;4.5.1&#8243; form_field_background_color=&#8221;#ffffff&#8221; form_field_text_color=&#8221;#999999&#8243; form_field_focus_background_color=&#8221;rgba(0,0,0,0)&#8221; form_field_focus_text_color=&#8221;#ffffff&#8221; form_field_custom_padding=&#8221;19px|19px|19px|19px|true|true&#8221; form_field_font=&#8221;Roboto||||||||&#8221; form_field_font_size=&#8221;16px&#8221; form_field_line_height=&#8221;100%&#8221; use_background_color=&#8221;off&#8221; custom_button=&#8221;on&#8221; button_text_size=&#8221;16px&#8221; button_text_color=&#8221;#ffffff&#8221; button_border_color=&#8221;#ffffff&#8221; button_border_radius=&#8221;0px&#8221; button_font=&#8221;Noto Sans|500|||||||&#8221; button_use_icon=&#8221;off&#8221; button_custom_padding=&#8221;15px|33px|15px|33px|true|true&#8221; text_orientation=&#8221;center&#8221; max_width=&#8221;707px&#8221; button_bg_color_tablet=&#8221;#fddd11&#8243; button_bg_color_last_edited=&#8221;off|desktop&#8221; button_bg_enable_color_tablet=&#8221;on&#8221; custom_css_main_element=&#8221;margin: 0 auto;&#8221; custom_css_newsletter_description=&#8221;color: #000;||    padding-bottom: 0;||    margin-bottom: 10px;&#8221; custom_css_newsletter_form=&#8221;padding-left: 0 !important;&#8221; custom_css_newsletter_button=&#8221;display: inline-block;||    width: auto;||    margin-top: 17px;&#8221; border_radii_fields=&#8221;on|0px|0px|0px|0px&#8221; border_width_all_fields=&#8221;2px&#8221; border_color_all_fields=&#8221;#3b3e3d&#8221; border_color_all_fields__hover_enabled=&#8221;on|hover&#8221; border_color_all_fields__hover=&#8221;#fddd11&#8243; button_bg_color__hover_enabled=&#8221;on|hover&#8221; button_bg_color__hover=&#8221;#fddd11&#8243; button_bg_enable_color__hover=&#8221;on&#8221; button_text_color__hover_enabled=&#8221;on|hover&#8221; button_text_color__hover=&#8221;#000000&#8243;][\/et_pb_signup][\/et_pb_column][\/et_pb_row][\/et_pb_section]<\/p>\n","protected":false},"excerpt":{"rendered":"<p>&nbsp; M\u00f3n qu\u00e0 nh\u1ecf c\u1ee7a b\u1ea1n c\u00f3 th\u1ec3 t\u1ea1o n\u00ean \u0111i\u1ec1u kh\u00e1c bi\u1ec7t l\u1edbn cho ch\u00fang t\u00f4i!Qu\u00e0 t\u1eb7ng b\u1eb1ng hi\u1ec7n v\u1eadt Nh\u1eefng m\u00f3n qu\u00e0 c\u1ee7a b\u1ea1n c\u00f3 th\u1ec3 t\u1ea1o n\u00ean s\u1ef1 kh\u00e1c bi\u1ec7t l\u1edbn cho ch\u01b0\u01a1ng tr\u00ecnh c\u1ee7a ch\u00fang t\u00f4i. N\u1ebfu b\u1ea1n mu\u1ed1n t\u1eb7ng hi\u1ec7n v\u1eadt, vui l\u00f2ng li\u00ean h\u1ec7 v\u1edbi ch\u00fang t\u00f4i \u0111\u1ec3 cung [&hellip;]<\/p>\n","protected":false},"author":1,"featured_media":0,"parent":262769,"menu_order":0,"comment_status":"closed","ping_status":"closed","template":"","meta":{"_et_pb_use_builder":"on","_et_pb_old_content":"<!-- wp:divi\/placeholder \/-->","_et_gb_content_width":"","_monsterinsights_skip_tracking":false,"_monsterinsights_sitenote_active":false,"_monsterinsights_sitenote_note":"","_monsterinsights_sitenote_category":0,"footnotes":""},"class_list":["post-262691","page","type-page","status-publish","hentry"],"yoast_head":"<!-- This site is optimized with the Yoast SEO plugin v24.0 - https:\/\/yoast.com\/wordpress\/plugins\/seo\/ -->\n<title>Gifts in Kind - Hue Help<\/title>\n<meta name=\"robots\" content=\"index, follow, max-snippet:-1, max-image-preview:large, max-video-preview:-1\" \/>\n<link rel=\"canonical\" href=\"https:\/\/huehelp.org\/vi\/get-involved\/gifts-in-kind\/\" \/>\n<meta property=\"og:locale\" content=\"vi_VN\" \/>\n<meta property=\"og:type\" content=\"article\" \/>\n<meta property=\"og:title\" content=\"Gifts in Kind - Hue Help\" \/>\n<meta property=\"og:description\" content=\"&nbsp; M\u00f3n qu\u00e0 nh\u1ecf c\u1ee7a b\u1ea1n c\u00f3 th\u1ec3 t\u1ea1o n\u00ean \u0111i\u1ec1u kh\u00e1c bi\u1ec7t l\u1edbn cho ch\u00fang t\u00f4i!Qu\u00e0 t\u1eb7ng b\u1eb1ng hi\u1ec7n v\u1eadt Nh\u1eefng m\u00f3n qu\u00e0 c\u1ee7a b\u1ea1n c\u00f3 th\u1ec3 t\u1ea1o n\u00ean s\u1ef1 kh\u00e1c bi\u1ec7t l\u1edbn cho ch\u01b0\u01a1ng tr\u00ecnh c\u1ee7a ch\u00fang t\u00f4i. N\u1ebfu b\u1ea1n mu\u1ed1n t\u1eb7ng hi\u1ec7n v\u1eadt, vui l\u00f2ng li\u00ean h\u1ec7 v\u1edbi ch\u00fang t\u00f4i \u0111\u1ec3 cung [&hellip;]\" \/>\n<meta property=\"og:url\" content=\"https:\/\/huehelp.org\/vi\/get-involved\/gifts-in-kind\/\" \/>\n<meta property=\"og:site_name\" content=\"Hue Help\" \/>\n<meta property=\"article:modified_time\" content=\"2020-08-07T09:56:30+00:00\" \/>\n<meta name=\"twitter:card\" content=\"summary_large_image\" \/>\n<meta name=\"twitter:label1\" content=\"Est. reading time\" \/>\n\t<meta name=\"twitter:data1\" content=\"5 minutes\" \/>\n<script type=\"application\/ld+json\" class=\"yoast-schema-graph\">{\"@context\":\"https:\/\/schema.org\",\"@graph\":[{\"@type\":\"WebPage\",\"@id\":\"https:\/\/huehelp.org\/vi\/get-involved\/gifts-in-kind\/\",\"url\":\"https:\/\/huehelp.org\/vi\/get-involved\/gifts-in-kind\/\",\"name\":\"Gifts in Kind - Hue Help\",\"isPartOf\":{\"@id\":\"https:\/\/huehelp.org\/vi\/#website\"},\"datePublished\":\"2020-04-07T04:01:29+00:00\",\"dateModified\":\"2020-08-07T09:56:30+00:00\",\"breadcrumb\":{\"@id\":\"https:\/\/huehelp.org\/vi\/get-involved\/gifts-in-kind\/#breadcrumb\"},\"inLanguage\":\"vi-VN\",\"potentialAction\":[{\"@type\":\"ReadAction\",\"target\":[\"https:\/\/huehelp.org\/vi\/get-involved\/gifts-in-kind\/\"]}]},{\"@type\":\"BreadcrumbList\",\"@id\":\"https:\/\/huehelp.org\/vi\/get-involved\/gifts-in-kind\/#breadcrumb\",\"itemListElement\":[{\"@type\":\"ListItem\",\"position\":1,\"name\":\"Home\",\"item\":\"https:\/\/huehelp.org\/vi\/\"},{\"@type\":\"ListItem\",\"position\":2,\"name\":\"Get Involved\",\"item\":\"https:\/\/huehelp.org\/vi\/get-involved\/\"},{\"@type\":\"ListItem\",\"position\":3,\"name\":\"Gifts in Kind\"}]},{\"@type\":\"WebSite\",\"@id\":\"https:\/\/huehelp.org\/vi\/#website\",\"url\":\"https:\/\/huehelp.org\/vi\/\",\"name\":\"Hue Help\",\"description\":\"Hue Help Children&#039;s Charity in Vietnam\",\"potentialAction\":[{\"@type\":\"SearchAction\",\"target\":{\"@type\":\"EntryPoint\",\"urlTemplate\":\"https:\/\/huehelp.org\/vi\/?s={search_term_string}\"},\"query-input\":{\"@type\":\"PropertyValueSpecification\",\"valueRequired\":true,\"valueName\":\"search_term_string\"}}],\"inLanguage\":\"vi-VN\"}]}<\/script>\n<!-- \/ Yoast SEO plugin. -->","yoast_head_json":{"title":"Gifts in Kind - Hue Help","robots":{"index":"index","follow":"follow","max-snippet":"max-snippet:-1","max-image-preview":"max-image-preview:large","max-video-preview":"max-video-preview:-1"},"canonical":"https:\/\/huehelp.org\/vi\/get-involved\/gifts-in-kind\/","og_locale":"vi_VN","og_type":"article","og_title":"Gifts in Kind - Hue Help","og_description":"&nbsp; M\u00f3n qu\u00e0 nh\u1ecf c\u1ee7a b\u1ea1n c\u00f3 th\u1ec3 t\u1ea1o n\u00ean \u0111i\u1ec1u kh\u00e1c bi\u1ec7t l\u1edbn cho ch\u00fang t\u00f4i!Qu\u00e0 t\u1eb7ng b\u1eb1ng hi\u1ec7n v\u1eadt Nh\u1eefng m\u00f3n qu\u00e0 c\u1ee7a b\u1ea1n c\u00f3 th\u1ec3 t\u1ea1o n\u00ean s\u1ef1 kh\u00e1c bi\u1ec7t l\u1edbn cho ch\u01b0\u01a1ng tr\u00ecnh c\u1ee7a ch\u00fang t\u00f4i. N\u1ebfu b\u1ea1n mu\u1ed1n t\u1eb7ng hi\u1ec7n v\u1eadt, vui l\u00f2ng li\u00ean h\u1ec7 v\u1edbi ch\u00fang t\u00f4i \u0111\u1ec3 cung [&hellip;]","og_url":"https:\/\/huehelp.org\/vi\/get-involved\/gifts-in-kind\/","og_site_name":"Hue Help","article_modified_time":"2020-08-07T09:56:30+00:00","twitter_card":"summary_large_image","twitter_misc":{"Est. reading time":"5 minutes"},"schema":{"@context":"https:\/\/schema.org","@graph":[{"@type":"WebPage","@id":"https:\/\/huehelp.org\/vi\/get-involved\/gifts-in-kind\/","url":"https:\/\/huehelp.org\/vi\/get-involved\/gifts-in-kind\/","name":"Gifts in Kind - Hue Help","isPartOf":{"@id":"https:\/\/huehelp.org\/vi\/#website"},"datePublished":"2020-04-07T04:01:29+00:00","dateModified":"2020-08-07T09:56:30+00:00","breadcrumb":{"@id":"https:\/\/huehelp.org\/vi\/get-involved\/gifts-in-kind\/#breadcrumb"},"inLanguage":"vi-VN","potentialAction":[{"@type":"ReadAction","target":["https:\/\/huehelp.org\/vi\/get-involved\/gifts-in-kind\/"]}]},{"@type":"BreadcrumbList","@id":"https:\/\/huehelp.org\/vi\/get-involved\/gifts-in-kind\/#breadcrumb","itemListElement":[{"@type":"ListItem","position":1,"name":"Home","item":"https:\/\/huehelp.org\/vi\/"},{"@type":"ListItem","position":2,"name":"Get Involved","item":"https:\/\/huehelp.org\/vi\/get-involved\/"},{"@type":"ListItem","position":3,"name":"Gifts in Kind"}]},{"@type":"WebSite","@id":"https:\/\/huehelp.org\/vi\/#website","url":"https:\/\/huehelp.org\/vi\/","name":"Hue Help","description":"Hue Help Children&#039;s Charity in Vietnam","potentialAction":[{"@type":"SearchAction","target":{"@type":"EntryPoint","urlTemplate":"https:\/\/huehelp.org\/vi\/?s={search_term_string}"},"query-input":{"@type":"PropertyValueSpecification","valueRequired":true,"valueName":"search_term_string"}}],"inLanguage":"vi-VN"}]}},"_links":{"self":[{"href":"https:\/\/huehelp.org\/vi\/wp-json\/wp\/v2\/pages\/262691","targetHints":{"allow":["GET"]}}],"collection":[{"href":"https:\/\/huehelp.org\/vi\/wp-json\/wp\/v2\/pages"}],"about":[{"href":"https:\/\/huehelp.org\/vi\/wp-json\/wp\/v2\/types\/page"}],"author":[{"embeddable":true,"href":"https:\/\/huehelp.org\/vi\/wp-json\/wp\/v2\/users\/1"}],"replies":[{"embeddable":true,"href":"https:\/\/huehelp.org\/vi\/wp-json\/wp\/v2\/comments?post=262691"}],"version-history":[{"count":4,"href":"https:\/\/huehelp.org\/vi\/wp-json\/wp\/v2\/pages\/262691\/revisions"}],"predecessor-version":[{"id":262790,"href":"https:\/\/huehelp.org\/vi\/wp-json\/wp\/v2\/pages\/262691\/revisions\/262790"}],"up":[{"embeddable":true,"href":"https:\/\/huehelp.org\/vi\/wp-json\/wp\/v2\/pages\/262769"}],"wp:attachment":[{"href":"https:\/\/huehelp.org\/vi\/wp-json\/wp\/v2\/media?parent=262691"}],"curies":[{"name":"wp","href":"https:\/\/api.w.org\/{rel}","templated":true}]}}