{"id":262744,"date":"2020-02-15T16:50:57","date_gmt":"2020-02-15T16:50:57","guid":{"rendered":"https:\/\/huehelp.org\/news\/"},"modified":"2020-08-07T09:47:47","modified_gmt":"2020-08-07T09:47:47","slug":"news","status":"publish","type":"page","link":"https:\/\/huehelp.org\/vi\/news\/","title":{"rendered":"News"},"content":{"rendered":"<p>[et_pb_section fb_built=&#8221;1&#8243; fullwidth=&#8221;on&#8221; _builder_version=&#8221;4.2.2&#8243;][et_pb_fullwidth_post_slider include_categories=&#8221;all&#8221; _builder_version=&#8221;4.5.3&#8243; hover_enabled=&#8221;0&#8243; more_text=&#8221;Xem Th\u00eam&#8221;][\/et_pb_fullwidth_post_slider][\/et_pb_section][et_pb_section fb_built=&#8221;1&#8243; _builder_version=&#8221;4.2.2&#8243; custom_padding=&#8221;64px||26px|||&#8221;][et_pb_row _builder_version=&#8221;4.2.2&#8243;][et_pb_column type=&#8221;4_4&#8243; _builder_version=&#8221;4.2.2&#8243;][et_pb_text _builder_version=&#8221;4.5.3&#8243; hover_enabled=&#8221;0&#8243;]<\/p>\n<h1 style=\"text-align: center;\"><span color=\"#0c71c3\" style=\"color: #0c71c3;\">Tin m\u1edbi nh\u1ea5t<\/span><span style=\"font-size: 16px;\">\u00a0<\/span><\/h1>\n<p>[\/et_pb_text][\/et_pb_column][\/et_pb_row][\/et_pb_section][et_pb_section fb_built=&#8221;1&#8243; disabled_on=&#8221;off|off|off&#8221; admin_label=&#8221;Polaroid Blog Module&#8221; module_class=&#8221;pegasus_blog_6&#8243; _builder_version=&#8221;3.22&#8243; collapsed=&#8221;on&#8221;][et_pb_row admin_label=&#8221;Polaroid Blog Module&#8221; _builder_version=&#8221;4.4.2&#8243; max_width=&#8221;1170px&#8221; custom_padding=&#8221;0vw|||||&#8221; use_custom_width=&#8221;on&#8221; custom_width_px=&#8221;1170px&#8221; collapsed=&#8221;on&#8221;][et_pb_column type=&#8221;4_4&#8243; _builder_version=&#8221;3.25&#8243; custom_padding=&#8221;|||&#8221; custom_padding__hover=&#8221;|||&#8221;][et_pb_blog posts_number=&#8221;9&#8243; meta_date=&#8221;j M&#8221; show_more=&#8221;on&#8221; show_author=&#8221;off&#8221; show_categories=&#8221;off&#8221; admin_label=&#8221;Polaroid Blog Module&#8221; _builder_version=&#8221;4.5.3&#8243; header_font=&#8221;Roboto|500|||||||&#8221; header_text_color=&#8221;#090913&#8243; header_font_size=&#8221;20&#8243; header_line_height=&#8221;130%&#8221; body_font=&#8221;Lato||||||||&#8221; body_text_color=&#8221;#989bac&#8221; body_font_size=&#8221;16&#8243; body_line_height=&#8221;180%&#8221; meta_font=&#8221;Lato|500|||||||&#8221; meta_text_color=&#8221;#989bac&#8221; meta_font_size=&#8221;16&#8243; hover_enabled=&#8221;0&#8243; pagination_font_size_tablet=&#8221;51&#8243; pagination_line_height_tablet=&#8221;2&#8243;][\/et_pb_blog][\/et_pb_column][\/et_pb_row][\/et_pb_section][et_pb_section fb_built=&#8221;1&#8243; custom_padding_last_edited=&#8221;on|phone&#8221; admin_label=&#8221;We Will Email Optin &#8211; Freddie&#8221; module_class=&#8221;home_subscribe_section old_times_blog_subscribe&#8221; _builder_version=&#8221;4.2.2&#8243; background_color=&#8221;rgba(10,10,10,0.56)&#8221; background_image=&#8221;https:\/\/staging.huehelp.org\/wp-content\/uploads\/2020\/01\/sfs4.jpg&#8221; background_blend=&#8221;darken&#8221; custom_padding=&#8221;79px||87px||false|false&#8221; custom_padding_tablet=&#8221;60px||60px||false|false&#8221; custom_padding_phone=&#8221;40px||40px||false|false&#8221; saved_tabs=&#8221;all&#8221; locked=&#8221;off&#8221; collapsed=&#8221;off&#8221;][et_pb_row use_custom_gutter=&#8221;on&#8221; gutter_width=&#8221;2&#8243; admin_label=&#8221;We Will Email Optin &#8211; Freddie &#8211; Row&#8221; _builder_version=&#8221;3.29.3&#8243; width=&#8221;90%&#8221; max_width=&#8221;1170px&#8221;][et_pb_column type=&#8221;4_4&#8243; _builder_version=&#8221;3.27.4&#8243; custom_padding=&#8221;||||false|false&#8221;][et_pb_text _builder_version=&#8221;4.5.3&#8243; custom_padding=&#8221;25px|||||&#8221;]<\/p>\n<h2 style=\"text-align: center;\"><span style=\"font-size: xx-large; color: #ffffff;\"><strong>Gi\u1eef li\u00ean l\u1ea1c&#8230;<\/strong><\/span><\/h2>\n<p><strong><\/strong><\/p>\n<p>[\/et_pb_text][et_pb_text admin_label=&#8221;We Will Email Optin &#8211; Freddie &#8211; Lorem ipsum&#8221; _builder_version=&#8221;4.5.3&#8243; text_font=&#8221;Noto Sans||||||||&#8221; text_text_color=&#8221;#999999&#8243; text_font_size=&#8221;21px&#8221; text_orientation=&#8221;center&#8221; max_width=&#8221;100%&#8221; custom_margin=&#8221;||25px||false|false&#8221; custom_margin_tablet=&#8221;||10px||false|false&#8221; custom_margin_phone=&#8221;&#8221; custom_margin_last_edited=&#8221;on|tablet&#8221;]<\/p>\n<p><span color=\"#ffffff\" style=\"color: #ffffff;\">\u0110\u0103ng k\u00fd \u0111\u1ec3 nh\u1eadn b\u1ea3n tin c\u1eadp nh\u1eadt v\u1ec1 ho\u1ea1t \u0111\u1ed9ng c\u1ee7a ch\u00fang t\u00f4i \ud83d\ude42<\/span><\/p>\n<p>[\/et_pb_text][et_pb_signup mailchimp_list=&#8221;undefined|&#8221; layout=&#8221;top_bottom&#8221; name_field=&#8221;on&#8221; name_fullwidth=&#8221;off&#8221; first_name_fullwidth=&#8221;off&#8221; email_fullwidth=&#8221;off&#8221; button_text=&#8221;\u0110\u0102NG K\u00dd&#8221; admin_label=&#8221;We Will Email Optin &#8211; Freddie &#8211; Email Optin&#8221; _builder_version=&#8221;4.5.3&#8243; form_field_background_color=&#8221;#ffffff&#8221; form_field_text_color=&#8221;#999999&#8243; form_field_focus_background_color=&#8221;rgba(0,0,0,0)&#8221; form_field_focus_text_color=&#8221;#ffffff&#8221; form_field_custom_padding=&#8221;19px|19px|19px|19px|true|true&#8221; form_field_font=&#8221;Roboto||||||||&#8221; form_field_font_size=&#8221;16px&#8221; form_field_line_height=&#8221;100%&#8221; use_background_color=&#8221;off&#8221; custom_button=&#8221;on&#8221; button_text_size=&#8221;16px&#8221; button_text_color=&#8221;#ffffff&#8221; button_border_color=&#8221;#ffffff&#8221; button_border_radius=&#8221;0px&#8221; button_font=&#8221;Noto Sans|500|||||||&#8221; button_use_icon=&#8221;off&#8221; button_custom_padding=&#8221;15px|33px|15px|33px|true|true&#8221; text_orientation=&#8221;center&#8221; max_width=&#8221;707px&#8221; button_bg_color_tablet=&#8221;#fddd11&#8243; button_bg_color_last_edited=&#8221;off|desktop&#8221; button_bg_enable_color_tablet=&#8221;on&#8221; custom_css_main_element=&#8221;margin: 0 auto;&#8221; custom_css_newsletter_description=&#8221;color: #000;||    padding-bottom: 0;||    margin-bottom: 10px;&#8221; custom_css_newsletter_form=&#8221;padding-left: 0 !important;&#8221; custom_css_newsletter_button=&#8221;display: inline-block;||    width: auto;||    margin-top: 17px;&#8221; border_radii_fields=&#8221;on|0px|0px|0px|0px&#8221; border_width_all_fields=&#8221;2px&#8221; border_color_all_fields=&#8221;#3b3e3d&#8221; border_color_all_fields__hover_enabled=&#8221;on|hover&#8221; border_color_all_fields__hover=&#8221;#fddd11&#8243; button_bg_color__hover_enabled=&#8221;on|hover&#8221; button_bg_color__hover=&#8221;#fddd11&#8243; button_bg_enable_color__hover=&#8221;on&#8221; button_text_color__hover_enabled=&#8221;on|hover&#8221; button_text_color__hover=&#8221;#000000&#8243;][\/et_pb_signup][\/et_pb_column][\/et_pb_row][\/et_pb_section]<\/p>\n","protected":false},"excerpt":{"rendered":"<p>Tin m\u1edbi nh\u1ea5t\u00a0 Gi\u1eef li\u00ean l\u1ea1c&#8230; \u0110\u0103ng k\u00fd \u0111\u1ec3 nh\u1eadn b\u1ea3n tin c\u1eadp nh\u1eadt v\u1ec1 ho\u1ea1t \u0111\u1ed9ng c\u1ee7a ch\u00fang t\u00f4i \ud83d\ude42<\/p>\n","protected":false},"author":1,"featured_media":0,"parent":0,"menu_order":0,"comment_status":"closed","ping_status":"closed","template":"","meta":{"_et_pb_use_builder":"on","_et_pb_old_content":"","_et_gb_content_width":"","_monsterinsights_skip_tracking":false,"_monsterinsights_sitenote_active":false,"_monsterinsights_sitenote_note":"","_monsterinsights_sitenote_category":0,"footnotes":""},"class_list":["post-262744","page","type-page","status-publish","hentry"],"yoast_head":"<!-- This site is optimized with the Yoast SEO plugin v24.0 - https:\/\/yoast.com\/wordpress\/plugins\/seo\/ -->\n<title>News - Hue Help<\/title>\n<meta name=\"robots\" content=\"index, follow, max-snippet:-1, max-image-preview:large, max-video-preview:-1\" \/>\n<link rel=\"canonical\" href=\"https:\/\/huehelp.org\/vi\/news\/\" \/>\n<meta property=\"og:locale\" content=\"vi_VN\" \/>\n<meta property=\"og:type\" content=\"article\" \/>\n<meta property=\"og:title\" content=\"News - Hue Help\" \/>\n<meta property=\"og:description\" content=\"Tin m\u1edbi nh\u1ea5t\u00a0 Gi\u1eef li\u00ean l\u1ea1c... \u0110\u0103ng k\u00fd \u0111\u1ec3 nh\u1eadn b\u1ea3n tin c\u1eadp nh\u1eadt v\u1ec1 ho\u1ea1t \u0111\u1ed9ng c\u1ee7a ch\u00fang t\u00f4i :)\" \/>\n<meta property=\"og:url\" content=\"https:\/\/huehelp.org\/vi\/news\/\" \/>\n<meta property=\"og:site_name\" content=\"Hue Help\" \/>\n<meta property=\"article:modified_time\" content=\"2020-08-07T09:47:47+00:00\" \/>\n<meta name=\"twitter:card\" content=\"summary_large_image\" \/>\n<meta name=\"twitter:label1\" content=\"Est. reading time\" \/>\n\t<meta name=\"twitter:data1\" content=\"3 minutes\" \/>\n<script type=\"application\/ld+json\" class=\"yoast-schema-graph\">{\"@context\":\"https:\/\/schema.org\",\"@graph\":[{\"@type\":\"WebPage\",\"@id\":\"https:\/\/huehelp.org\/vi\/news\/\",\"url\":\"https:\/\/huehelp.org\/vi\/news\/\",\"name\":\"News - Hue Help\",\"isPartOf\":{\"@id\":\"https:\/\/huehelp.org\/vi\/#website\"},\"datePublished\":\"2020-02-15T16:50:57+00:00\",\"dateModified\":\"2020-08-07T09:47:47+00:00\",\"breadcrumb\":{\"@id\":\"https:\/\/huehelp.org\/vi\/news\/#breadcrumb\"},\"inLanguage\":\"vi-VN\",\"potentialAction\":[{\"@type\":\"ReadAction\",\"target\":[\"https:\/\/huehelp.org\/vi\/news\/\"]}]},{\"@type\":\"BreadcrumbList\",\"@id\":\"https:\/\/huehelp.org\/vi\/news\/#breadcrumb\",\"itemListElement\":[{\"@type\":\"ListItem\",\"position\":1,\"name\":\"Home\",\"item\":\"https:\/\/huehelp.org\/vi\/\"},{\"@type\":\"ListItem\",\"position\":2,\"name\":\"News\"}]},{\"@type\":\"WebSite\",\"@id\":\"https:\/\/huehelp.org\/vi\/#website\",\"url\":\"https:\/\/huehelp.org\/vi\/\",\"name\":\"Hue Help\",\"description\":\"Hue Help Children&#039;s Charity in Vietnam\",\"potentialAction\":[{\"@type\":\"SearchAction\",\"target\":{\"@type\":\"EntryPoint\",\"urlTemplate\":\"https:\/\/huehelp.org\/vi\/?s={search_term_string}\"},\"query-input\":{\"@type\":\"PropertyValueSpecification\",\"valueRequired\":true,\"valueName\":\"search_term_string\"}}],\"inLanguage\":\"vi-VN\"}]}<\/script>\n<!-- \/ Yoast SEO plugin. -->","yoast_head_json":{"title":"News - Hue Help","robots":{"index":"index","follow":"follow","max-snippet":"max-snippet:-1","max-image-preview":"max-image-preview:large","max-video-preview":"max-video-preview:-1"},"canonical":"https:\/\/huehelp.org\/vi\/news\/","og_locale":"vi_VN","og_type":"article","og_title":"News - Hue Help","og_description":"Tin m\u1edbi nh\u1ea5t\u00a0 Gi\u1eef li\u00ean l\u1ea1c... \u0110\u0103ng k\u00fd \u0111\u1ec3 nh\u1eadn b\u1ea3n tin c\u1eadp nh\u1eadt v\u1ec1 ho\u1ea1t \u0111\u1ed9ng c\u1ee7a ch\u00fang t\u00f4i :)","og_url":"https:\/\/huehelp.org\/vi\/news\/","og_site_name":"Hue Help","article_modified_time":"2020-08-07T09:47:47+00:00","twitter_card":"summary_large_image","twitter_misc":{"Est. reading time":"3 minutes"},"schema":{"@context":"https:\/\/schema.org","@graph":[{"@type":"WebPage","@id":"https:\/\/huehelp.org\/vi\/news\/","url":"https:\/\/huehelp.org\/vi\/news\/","name":"News - Hue Help","isPartOf":{"@id":"https:\/\/huehelp.org\/vi\/#website"},"datePublished":"2020-02-15T16:50:57+00:00","dateModified":"2020-08-07T09:47:47+00:00","breadcrumb":{"@id":"https:\/\/huehelp.org\/vi\/news\/#breadcrumb"},"inLanguage":"vi-VN","potentialAction":[{"@type":"ReadAction","target":["https:\/\/huehelp.org\/vi\/news\/"]}]},{"@type":"BreadcrumbList","@id":"https:\/\/huehelp.org\/vi\/news\/#breadcrumb","itemListElement":[{"@type":"ListItem","position":1,"name":"Home","item":"https:\/\/huehelp.org\/vi\/"},{"@type":"ListItem","position":2,"name":"News"}]},{"@type":"WebSite","@id":"https:\/\/huehelp.org\/vi\/#website","url":"https:\/\/huehelp.org\/vi\/","name":"Hue Help","description":"Hue Help Children&#039;s Charity in Vietnam","potentialAction":[{"@type":"SearchAction","target":{"@type":"EntryPoint","urlTemplate":"https:\/\/huehelp.org\/vi\/?s={search_term_string}"},"query-input":{"@type":"PropertyValueSpecification","valueRequired":true,"valueName":"search_term_string"}}],"inLanguage":"vi-VN"}]}},"_links":{"self":[{"href":"https:\/\/huehelp.org\/vi\/wp-json\/wp\/v2\/pages\/262744","targetHints":{"allow":["GET"]}}],"collection":[{"href":"https:\/\/huehelp.org\/vi\/wp-json\/wp\/v2\/pages"}],"about":[{"href":"https:\/\/huehelp.org\/vi\/wp-json\/wp\/v2\/types\/page"}],"author":[{"embeddable":true,"href":"https:\/\/huehelp.org\/vi\/wp-json\/wp\/v2\/users\/1"}],"replies":[{"embeddable":true,"href":"https:\/\/huehelp.org\/vi\/wp-json\/wp\/v2\/comments?post=262744"}],"version-history":[{"count":3,"href":"https:\/\/huehelp.org\/vi\/wp-json\/wp\/v2\/pages\/262744\/revisions"}],"predecessor-version":[{"id":262785,"href":"https:\/\/huehelp.org\/vi\/wp-json\/wp\/v2\/pages\/262744\/revisions\/262785"}],"wp:attachment":[{"href":"https:\/\/huehelp.org\/vi\/wp-json\/wp\/v2\/media?parent=262744"}],"curies":[{"name":"wp","href":"https:\/\/api.w.org\/{rel}","templated":true}]}}