{"id":262759,"date":"2020-05-05T04:48:27","date_gmt":"2020-05-05T04:48:27","guid":{"rendered":"https:\/\/huehelp.org\/job-opportunities\/"},"modified":"2020-08-07T10:01:56","modified_gmt":"2020-08-07T10:01:56","slug":"job-opportunities","status":"publish","type":"page","link":"https:\/\/huehelp.org\/vi\/get-involved\/job-opportunities\/","title":{"rendered":"Job Opportunities"},"content":{"rendered":"<p>[et_pb_section fb_built=&#8221;1&#8243; fullwidth=&#8221;on&#8221; _builder_version=&#8221;4.2.2&#8243;][et_pb_fullwidth_slider _builder_version=&#8221;4.5.3&#8243; header_font=&#8221;Noto Sans||||||||&#8221; body_font=&#8221;Noto Sans||||||||&#8221; custom_button=&#8221;on&#8221; button_font=&#8221;Noto Sans||||||||&#8221; custom_padding=&#8221;244px||295px|||&#8221;][et_pb_slide heading=&#8221;C\u01a1 h\u1ed9i vi\u1ec7c l\u00e0m&#8221; use_bg_overlay=&#8221;on&#8221; _builder_version=&#8221;4.5.3&#8243; background_color=&#8221;#0c71c3&#8243; background_enable_color=&#8221;on&#8221; background_image=&#8221;https:\/\/huehelp.org\/wp-content\/uploads\/2020\/01\/SFS1.jpg&#8221; background_enable_image=&#8221;on&#8221; parallax=&#8221;on&#8221;]<\/p>\n<p>&nbsp;<\/p>\n<p>&nbsp;<\/p>\n<p>[\/et_pb_slide][\/et_pb_fullwidth_slider][\/et_pb_section][et_pb_section fb_built=&#8221;1&#8243; _builder_version=&#8221;4.4.5&#8243;][et_pb_row _builder_version=&#8221;4.4.5&#8243;][et_pb_column type=&#8221;4_4&#8243; _builder_version=&#8221;4.4.5&#8243;][et_pb_text _builder_version=&#8221;4.5.3&#8243; hover_enabled=&#8221;0&#8243;]<\/p>\n<h1>2 C\u01a1 h\u1ed9i vi\u1ec7c l\u00e0m<\/h1>\n<p>&nbsp;<\/p>\n<p>Xem th\u00f4ng tin tuy\u1ec3n d\u1ee5ng m\u1edbi nh\u1ea5t c\u1ee7a ch\u00fang t\u00f4i!<\/p>\n<p>&nbsp;<\/p>\n<p><span style=\"color: #333333; font-size: 26px;\">V\u1ecb tr\u00ed \u0111ang tuy\u1ec3n<\/span><\/p>\n<p><strong>C\u00e1n b\u1ed9 Ch\u01b0\u01a1ng tr\u00ecnh x 2<br \/> <\/strong><span style=\"text-decoration: underline;\">H\u1ee3p \u0111\u1ed3ng:<\/span> T\u1ea1m th\u1eddi (6 th\u00e1ng)<br \/> <span style=\"text-decoration: underline;\">Ng\u00e0y b\u1eaft \u0111\u1ea7u:<\/span> S\u1edbm nh\u1ea5t c\u00f3 th\u1ec3<br \/> <span style=\"text-decoration: underline;\">S\u1ed1 l\u01b0\u1ee3ng:<\/span> 2 *<br \/> <span style=\"text-decoration: underline;\">N\u01a1i l\u00e0m vi\u1ec7c:<\/span> Hu\u1ebf, Vi\u1ec7t Nam (th\u01b0\u1eddng xuy\u00ean \u0111i c\u00f4ng t\u00e1c c\u00e1c t\u1ec9nh trong n\u01b0\u1edbc)<br \/> <span style=\"text-decoration: underline;\">H\u1ea1n cu\u1ed1i:<\/span> 12\/08\/2020<\/p>\n<p>Hue Help \u0111ang t\u00ecm ki\u1ebfm 2 C\u00e1n b\u1ed9 ch\u01b0\u01a1ng tr\u00ecnh gia nh\u1eadp \u0111\u1ed9i ng\u0169 c\u1ee7a ch\u00fang t\u00f4i.<\/p>\n<p>\u1ede v\u1ecb tr\u00ed n\u00e0y, b\u1ea1n s\u1ebd l\u00e0m vi\u1ec7c ch\u1ee7 y\u1ebfu trong ch\u01b0\u01a1ng tr\u00ecnh B\u01a1i An To\u00e0n, v\u1edbi vai tr\u00f2 h\u1ed7 tr\u1ee3 t\u1ed5 ch\u1ee9c c\u00e1c kh\u00f3a t\u1eadp hu\u1ea5n, c\u00e1c c\u00f4ng vi\u1ec7c h\u1eadu c\u1ea7n, l\u00e0m vi\u1ec7c v\u1edbi c\u00e1c gi\u00e1o vi\u00ean, tr\u01b0\u1eddng h\u1ecdc, c\u00e1c c\u1ea5p ch\u00ednh quy\u1ec1n, c\u0169ng nh\u01b0 tham gia gi\u00e1m s\u00e1t v\u00e0 h\u1ed7 tr\u1ee3 c\u00e1c b\u00e0i gi\u1ea3ng. B\u1ea1n c\u0169ng s\u1ebd tham gia t\u1ed5 ch\u1ee9c bu\u1ed5i gi\u00e1o d\u1ee5c an to\u00e0n n\u01b0\u1edbc cho tr\u1ebb em v\u00e0 ng\u01b0\u1eddi l\u1edbn. V\u1ecb tr\u00ed tuy\u1ec3n d\u1ee5ng \u1edf Hu\u1ebf, tuy nhi\u00ean, t\u00ednh ch\u1ea5t c\u00f4ng vi\u1ec7c bao g\u1ed3m c\u00e1c chuy\u1ebfn c\u00f4ng t\u00e1c \u0111\u1ebfn c\u00e1c t\u1ec9nh th\u00e0nh kh\u00e1c. \u1ee8ng vi\u00ean c\u00f3 kinh nghi\u1ec7m v\u00e0 ki\u1ebfn th\u1ee9c trong l\u0129nh v\u1ef1c hu\u1ea5n luy\u1ec7n b\u01a1i, an to\u00e0n n\u01b0\u1edbc ho\u1eb7c c\u1ee9u h\u1ed9 s\u1ebd \u0111\u01b0\u1ee3c \u01b0u ti\u00ean.<\/p>\n<p>V\u1ecb tr\u00ed y\u00eau c\u1ea7u \u1ee9ng vi\u00ean c\u00f3 kh\u1ea3 n\u0103ng l\u00e0m vi\u1ec7c \u0111\u1ed9c l\u1eadp v\u00e0 t\u1ed5 ch\u1ee9c t\u1ed1t. \u1ee8ng vi\u00ean c\u1ea7n c\u00f3 k\u1ef9 n\u0103ng giao ti\u1ebfp t\u1ed1t, th\u00f4ng th\u1ea1o ti\u1ebfng Vi\u1ec7t v\u00e0 c\u00f3 k\u1ef9 n\u0103ng ti\u1ebfng Anh c\u01a1 b\u1ea3n. Ch\u01b0\u01a1ng tr\u00ecnh \u0111\u01b0\u1ee3c tri\u1ec3n khai \u1edf nhi\u1ec1u t\u1ec9nh th\u00e0nh, do \u0111\u00f3, \u1ee9ng vi\u00ean c\u1ea7n s\u1eb5n s\u00e0ng di chuy\u1ec3n khi \u0111\u01b0\u1ee3c y\u00eau c\u1ea7u.<\/p>\n<p>* Do t\u00ecnh h\u00ecnh d\u1ecbch covid-19 di\u1ec5n bi\u1ebfn ph\u1ee9c t\u1ea1p, ch\u01b0\u01a1ng tr\u00ecnh c\u00f3 th\u1ec3 b\u1ecb ho\u00e3n so v\u1edbi k\u1ebf ho\u1ea1ch, do \u0111\u00f3, ch\u00fang t\u00f4i c\u00f3 th\u1ec3 tuy\u1ec3n d\u1ee5ng \u00edt h\u01a1n 2 v\u1ecb tr\u00ed.<\/p>\n<p><u>\u00a0N\u1ed9p \u0111\u01a1n<\/u><\/p>\n<p>\u1ee8ng vi\u00ean vui l\u00f2ng g\u1eedi CV v\u00e0 \u0111\u01a1n xin vi\u1ec7c cho ch\u00fang t\u00f4i t\u1ea1i <a href=\"mailto:info@huehelp.org\">info@huehelp.org<\/a><\/p>\n<p><span>\u00a0<\/span><\/p>\n<p>&nbsp;<\/p>\n<p>&nbsp;<\/p>\n<p>[\/et_pb_text][\/et_pb_column][\/et_pb_row][\/et_pb_section]<\/p>\n","protected":false},"excerpt":{"rendered":"<p>&nbsp; &nbsp;2 C\u01a1 h\u1ed9i vi\u1ec7c l\u00e0m &nbsp; Xem th\u00f4ng tin tuy\u1ec3n d\u1ee5ng m\u1edbi nh\u1ea5t c\u1ee7a ch\u00fang t\u00f4i! &nbsp; V\u1ecb tr\u00ed \u0111ang tuy\u1ec3n C\u00e1n b\u1ed9 Ch\u01b0\u01a1ng tr\u00ecnh x 2 H\u1ee3p \u0111\u1ed3ng: T\u1ea1m th\u1eddi (6 th\u00e1ng) Ng\u00e0y b\u1eaft \u0111\u1ea7u: S\u1edbm nh\u1ea5t c\u00f3 th\u1ec3 S\u1ed1 l\u01b0\u1ee3ng: 2 * N\u01a1i l\u00e0m vi\u1ec7c: Hu\u1ebf, Vi\u1ec7t Nam (th\u01b0\u1eddng xuy\u00ean \u0111i c\u00f4ng [&hellip;]<\/p>\n","protected":false},"author":1,"featured_media":0,"parent":262769,"menu_order":0,"comment_status":"closed","ping_status":"closed","template":"","meta":{"_et_pb_use_builder":"on","_et_pb_old_content":"","_et_gb_content_width":"","_monsterinsights_skip_tracking":false,"_monsterinsights_sitenote_active":false,"_monsterinsights_sitenote_note":"","_monsterinsights_sitenote_category":0,"footnotes":""},"class_list":["post-262759","page","type-page","status-publish","hentry"],"yoast_head":"<!-- This site is optimized with the Yoast SEO plugin v24.0 - https:\/\/yoast.com\/wordpress\/plugins\/seo\/ -->\n<title>Job Opportunities - Hue Help<\/title>\n<meta name=\"description\" content=\"Search the latest job opportunities at Hue Help.\" \/>\n<meta name=\"robots\" content=\"index, follow, max-snippet:-1, max-image-preview:large, max-video-preview:-1\" \/>\n<link rel=\"canonical\" href=\"https:\/\/huehelp.org\/vi\/get-involved\/job-opportunities\/\" \/>\n<meta property=\"og:locale\" content=\"vi_VN\" \/>\n<meta property=\"og:type\" content=\"article\" \/>\n<meta property=\"og:title\" content=\"Job Opportunities - Hue Help\" \/>\n<meta property=\"og:description\" content=\"Search the latest job opportunities at Hue Help.\" \/>\n<meta property=\"og:url\" content=\"https:\/\/huehelp.org\/vi\/get-involved\/job-opportunities\/\" \/>\n<meta property=\"og:site_name\" content=\"Hue Help\" \/>\n<meta property=\"article:modified_time\" content=\"2020-08-07T10:01:56+00:00\" \/>\n<meta name=\"twitter:card\" content=\"summary_large_image\" \/>\n<meta name=\"twitter:label1\" content=\"Est. reading time\" \/>\n\t<meta name=\"twitter:data1\" content=\"3 minutes\" \/>\n<script type=\"application\/ld+json\" class=\"yoast-schema-graph\">{\"@context\":\"https:\/\/schema.org\",\"@graph\":[{\"@type\":\"WebPage\",\"@id\":\"https:\/\/huehelp.org\/vi\/get-involved\/job-opportunities\/\",\"url\":\"https:\/\/huehelp.org\/vi\/get-involved\/job-opportunities\/\",\"name\":\"Job Opportunities - Hue Help\",\"isPartOf\":{\"@id\":\"https:\/\/huehelp.org\/vi\/#website\"},\"datePublished\":\"2020-05-05T04:48:27+00:00\",\"dateModified\":\"2020-08-07T10:01:56+00:00\",\"description\":\"Search the latest job opportunities at Hue Help.\",\"breadcrumb\":{\"@id\":\"https:\/\/huehelp.org\/vi\/get-involved\/job-opportunities\/#breadcrumb\"},\"inLanguage\":\"vi-VN\",\"potentialAction\":[{\"@type\":\"ReadAction\",\"target\":[\"https:\/\/huehelp.org\/vi\/get-involved\/job-opportunities\/\"]}]},{\"@type\":\"BreadcrumbList\",\"@id\":\"https:\/\/huehelp.org\/vi\/get-involved\/job-opportunities\/#breadcrumb\",\"itemListElement\":[{\"@type\":\"ListItem\",\"position\":1,\"name\":\"Home\",\"item\":\"https:\/\/huehelp.org\/vi\/\"},{\"@type\":\"ListItem\",\"position\":2,\"name\":\"Get Involved\",\"item\":\"https:\/\/huehelp.org\/vi\/get-involved\/\"},{\"@type\":\"ListItem\",\"position\":3,\"name\":\"Job Opportunities\"}]},{\"@type\":\"WebSite\",\"@id\":\"https:\/\/huehelp.org\/vi\/#website\",\"url\":\"https:\/\/huehelp.org\/vi\/\",\"name\":\"Hue Help\",\"description\":\"Hue Help Children&#039;s Charity in Vietnam\",\"potentialAction\":[{\"@type\":\"SearchAction\",\"target\":{\"@type\":\"EntryPoint\",\"urlTemplate\":\"https:\/\/huehelp.org\/vi\/?s={search_term_string}\"},\"query-input\":{\"@type\":\"PropertyValueSpecification\",\"valueRequired\":true,\"valueName\":\"search_term_string\"}}],\"inLanguage\":\"vi-VN\"}]}<\/script>\n<!-- \/ Yoast SEO plugin. -->","yoast_head_json":{"title":"Job Opportunities - Hue Help","description":"Search the latest job opportunities at Hue Help.","robots":{"index":"index","follow":"follow","max-snippet":"max-snippet:-1","max-image-preview":"max-image-preview:large","max-video-preview":"max-video-preview:-1"},"canonical":"https:\/\/huehelp.org\/vi\/get-involved\/job-opportunities\/","og_locale":"vi_VN","og_type":"article","og_title":"Job Opportunities - Hue Help","og_description":"Search the latest job opportunities at Hue Help.","og_url":"https:\/\/huehelp.org\/vi\/get-involved\/job-opportunities\/","og_site_name":"Hue Help","article_modified_time":"2020-08-07T10:01:56+00:00","twitter_card":"summary_large_image","twitter_misc":{"Est. reading time":"3 minutes"},"schema":{"@context":"https:\/\/schema.org","@graph":[{"@type":"WebPage","@id":"https:\/\/huehelp.org\/vi\/get-involved\/job-opportunities\/","url":"https:\/\/huehelp.org\/vi\/get-involved\/job-opportunities\/","name":"Job Opportunities - Hue Help","isPartOf":{"@id":"https:\/\/huehelp.org\/vi\/#website"},"datePublished":"2020-05-05T04:48:27+00:00","dateModified":"2020-08-07T10:01:56+00:00","description":"Search the latest job opportunities at Hue Help.","breadcrumb":{"@id":"https:\/\/huehelp.org\/vi\/get-involved\/job-opportunities\/#breadcrumb"},"inLanguage":"vi-VN","potentialAction":[{"@type":"ReadAction","target":["https:\/\/huehelp.org\/vi\/get-involved\/job-opportunities\/"]}]},{"@type":"BreadcrumbList","@id":"https:\/\/huehelp.org\/vi\/get-involved\/job-opportunities\/#breadcrumb","itemListElement":[{"@type":"ListItem","position":1,"name":"Home","item":"https:\/\/huehelp.org\/vi\/"},{"@type":"ListItem","position":2,"name":"Get Involved","item":"https:\/\/huehelp.org\/vi\/get-involved\/"},{"@type":"ListItem","position":3,"name":"Job Opportunities"}]},{"@type":"WebSite","@id":"https:\/\/huehelp.org\/vi\/#website","url":"https:\/\/huehelp.org\/vi\/","name":"Hue Help","description":"Hue Help Children&#039;s Charity in Vietnam","potentialAction":[{"@type":"SearchAction","target":{"@type":"EntryPoint","urlTemplate":"https:\/\/huehelp.org\/vi\/?s={search_term_string}"},"query-input":{"@type":"PropertyValueSpecification","valueRequired":true,"valueName":"search_term_string"}}],"inLanguage":"vi-VN"}]}},"_links":{"self":[{"href":"https:\/\/huehelp.org\/vi\/wp-json\/wp\/v2\/pages\/262759","targetHints":{"allow":["GET"]}}],"collection":[{"href":"https:\/\/huehelp.org\/vi\/wp-json\/wp\/v2\/pages"}],"about":[{"href":"https:\/\/huehelp.org\/vi\/wp-json\/wp\/v2\/types\/page"}],"author":[{"embeddable":true,"href":"https:\/\/huehelp.org\/vi\/wp-json\/wp\/v2\/users\/1"}],"replies":[{"embeddable":true,"href":"https:\/\/huehelp.org\/vi\/wp-json\/wp\/v2\/comments?post=262759"}],"version-history":[{"count":3,"href":"https:\/\/huehelp.org\/vi\/wp-json\/wp\/v2\/pages\/262759\/revisions"}],"predecessor-version":[{"id":262793,"href":"https:\/\/huehelp.org\/vi\/wp-json\/wp\/v2\/pages\/262759\/revisions\/262793"}],"up":[{"embeddable":true,"href":"https:\/\/huehelp.org\/vi\/wp-json\/wp\/v2\/pages\/262769"}],"wp:attachment":[{"href":"https:\/\/huehelp.org\/vi\/wp-json\/wp\/v2\/media?parent=262759"}],"curies":[{"name":"wp","href":"https:\/\/api.w.org\/{rel}","templated":true}]}}