{"id":262764,"date":"2020-01-24T08:38:05","date_gmt":"2020-01-24T08:38:05","guid":{"rendered":"https:\/\/huehelp.org\/our-work\/"},"modified":"2024-09-11T17:02:45","modified_gmt":"2024-09-11T17:02:45","slug":"our-work","status":"publish","type":"page","link":"https:\/\/huehelp.org\/vi\/our-work\/","title":{"rendered":"Our work"},"content":{"rendered":"<p>[et_pb_section fb_built=&#8221;1&#8243; fullwidth=&#8221;on&#8221; _builder_version=&#8221;4.16&#8243; global_colors_info=&#8221;{}&#8221;][et_pb_fullwidth_slider _builder_version=&#8221;4.27.0&#8243; header_font=&#8221;Noto Sans||||||||&#8221; body_font=&#8221;Noto Sans||||||||&#8221; custom_button=&#8221;on&#8221; button_font=&#8221;Noto Sans||||||||&#8221; custom_padding=&#8221;244px||295px|||&#8221; global_colors_info=&#8221;{}&#8221;][et_pb_slide heading=&#8221;Ch\u00fang t\u00f4i l\u00e0m g\u00ec?&#8221; use_bg_overlay=&#8221;on&#8221; _builder_version=&#8221;4.27.0&#8243; background_color=&#8221;#0c71c3&#8243; background_enable_color=&#8221;on&#8221; background_image=&#8221;https:\/\/huehelp.org\/wp-content\/uploads\/2020\/01\/SFS1.jpg&#8221; background_enable_image=&#8221;on&#8221; parallax=&#8221;on&#8221; global_colors_info=&#8221;{}&#8221; sticky_transition=&#8221;on&#8221;]<\/p>\n<p>&nbsp;<\/p>\n<p><span style=\"font-size: 18px;\">Hue Help l\u00e0m vi\u1ec7c \u0111\u1ec3 ph\u00f2ng ch\u1ed1ng \u0111u\u1ed1i n\u01b0\u1edbc \u1edf tr\u1ebb em v\u00e0 gi\u00fap cho tr\u1ebb em m\u1ed9t t\u01b0\u01a1ng lai t\u01b0\u01a1i s\u00e1ng.\u00a0<\/span><\/p>\n<p>[\/et_pb_slide][\/et_pb_fullwidth_slider][\/et_pb_section][et_pb_section fb_built=&#8221;1&#8243; _builder_version=&#8221;4.16&#8243; custom_padding=&#8221;45px||6px|||&#8221; global_colors_info=&#8221;{}&#8221;][et_pb_row _builder_version=&#8221;4.16&#8243; custom_margin=&#8221;-36px|auto||auto||&#8221; custom_padding=&#8221;22px|||||&#8221; global_colors_info=&#8221;{}&#8221;][et_pb_column type=&#8221;4_4&#8243; _builder_version=&#8221;4.16&#8243; global_colors_info=&#8221;{}&#8221;][et_pb_text _builder_version=&#8221;4.27.0&#8243; custom_padding=&#8221;25px|||||&#8221; global_colors_info=&#8221;{}&#8221;]<\/p>\n<h2 style=\"text-align: center;\"><span style=\"font-size: xx-large; color: #0c71c3;\"><strong>Ch\u00fang t\u00f4i l\u00e0m g\u00ec<\/strong><\/span><\/h2>\n<p><strong><\/strong><\/p>\n<p>[\/et_pb_text][\/et_pb_column][\/et_pb_row][et_pb_row _builder_version=&#8221;4.16&#8243; global_colors_info=&#8221;{}&#8221;][et_pb_column type=&#8221;4_4&#8243; _builder_version=&#8221;4.16&#8243; global_colors_info=&#8221;{}&#8221;][et_pb_text _builder_version=&#8221;4.16&#8243; global_colors_info=&#8221;{}&#8221;]<\/p>\n<h2><span style=\"color: #0c71c3;\"><strong>S\u1ee9 m\u1ec7nh c\u1ee7a ch\u00fang t\u00f4i<\/strong><\/span><\/h2>\n<h2><span style=\"font-size: medium; color: #666666;\">S\u1ee9 m\u1ec7nh c\u1ee7a ch\u00fang t\u00f4i l\u00e0 c\u1ea3i thi\u1ec7n s\u1ee9c kh\u1ecfe, gi\u00e1o d\u1ee5c v\u00e0 t\u01b0\u01a1ng lai cho tr\u1ebb em Vi\u1ec7t Nam. Ch\u00fang t\u00f4i l\u00e0m vi\u1ec7c \u0111\u1ec3 \u0111\u1ea1t \u0111\u01b0\u1ee3c s\u1ee9 m\u1ec7nh n\u00e0y b\u1eb1ng hai ch\u01b0\u01a1ng tr\u00ecnh kh\u00e1c nhau.\u00a0<\/span><\/h2>\n<p>[\/et_pb_text][\/et_pb_column][\/et_pb_row][et_pb_row column_structure=&#8221;3_5,2_5&#8243; _builder_version=&#8221;4.16&#8243; custom_padding=&#8221;44px||0px|||&#8221; global_colors_info=&#8221;{}&#8221;][et_pb_column type=&#8221;3_5&#8243; _builder_version=&#8221;4.16&#8243; global_colors_info=&#8221;{}&#8221;][et_pb_text _builder_version=&#8221;4.16&#8243; global_colors_info=&#8221;{}&#8221;]<\/p>\n<h2><span style=\"color: #0c71c3;\"><strong>B\u01a1i An To\u00e0n<\/strong><\/span><\/h2>\n<p><strong>\u0110u\u1ed1i n\u01b0\u1edbc l\u00e0 nguy\u00ean nh\u00e2n t\u1eed vong h\u00e0ng \u0111\u1ea7u \u1edf tr\u1ebb em t\u1ea1i Vi\u1ec7t Nam.<\/strong><\/p>\n<p>H\u01a1n 2000 tr\u1ebb \u0111u\u1ed1i n\u01b0\u1edbc m\u1ed7i n\u0103m t\u1ea1i Vi\u1ec7t Nam. \u0110u\u1ed1i n\u01b0\u1edbc l\u00e0m thi\u1ec7t m\u1ea1ng tr\u1ebb em nhi\u1ec1u h\u01a1n b\u1ea5t k\u1ef3 b\u1ec7nh t\u1eadt n\u00e0o \u2013 nhi\u1ec1u h\u01a1n s\u1ed1t r\u00e9t, lao, HIV\/AIDS, s\u1ed1t xu\u1ea5t huy\u1ebft v\u00e0 suy dinh d\u01b0\u1ee1ng c\u1ed9ng l\u1ea1i. Tuy nhi\u00ean, \u0111u\u1ed1i n\u01b0\u1edbc ho\u00e0n to\u00e0n c\u00f3 th\u1ec3 ph\u00f2ng ch\u1ed1ng \u0111\u01b0\u1ee3c.<\/p>\n<p>B\u01a1i An To\u00e0n \u0111\u00e0o t\u1ea1o c\u00e1c gi\u00e1o vi\u00ean t\u1ea1i tr\u01b0\u1eddng h\u1ecdc tr\u1edf th\u00e0nh c\u00e1c gi\u00e1o vi\u00ean d\u1ea1y b\u01a1i, sau \u0111\u00f3 c\u00e1c gi\u00e1o vi\u00ean s\u1ebd ti\u1ebfp t\u1ee5c d\u1ea1y cho tr\u1ebb em k\u0129 n\u0103ng b\u01a1i sinh t\u1ed3n v\u00e0 ki\u1ebfn th\u1ee9c an to\u00e0n n\u01b0\u1edbc. K\u1ec3 t\u1eeb n\u0103m 2011, ch\u00fang t\u00f4i \u0111\u00e3 th\u1ef1c hi\u1ec7n d\u1ef1 \u00e1n tr\u00ean 9 t\u1ec9nh th\u00e0nh kh\u1eafp Vi\u1ec7t Nam, \u0111\u00e0o t\u1ea1o h\u01a1n 600 gi\u00e1o vi\u00ean v\u00e0 16,000 tr\u1ebb em.<\/p>\n<p>[\/et_pb_text][et_pb_button button_url=&#8221;\/our-work\/swimming-for-safety\/&#8221; button_text=&#8221;Xem th\u00eam&#8221; _builder_version=&#8221;4.27.0&#8243; custom_button=&#8221;on&#8221; button_text_color=&#8221;#ffffff&#8221; button_bg_color=&#8221;#0c71c3&#8243; background_layout=&#8221;dark&#8221; hover_enabled=&#8221;0&#8243; global_colors_info=&#8221;{}&#8221; sticky_enabled=&#8221;0&#8243;][\/et_pb_button][\/et_pb_column][et_pb_column type=&#8221;2_5&#8243; _builder_version=&#8221;4.16&#8243; global_colors_info=&#8221;{}&#8221;][et_pb_image src=&#8221;https:\/\/huehelp.org\/wp-content\/uploads\/2020\/01\/sfs11-300&#215;287.png&#8221; _builder_version=&#8221;4.16&#8243; global_colors_info=&#8221;{}&#8221;][\/et_pb_image][\/et_pb_column][\/et_pb_row][et_pb_row column_structure=&#8221;3_5,2_5&#8243; _builder_version=&#8221;4.16&#8243; custom_padding=&#8221;44px||11px|||&#8221; global_colors_info=&#8221;{}&#8221;][et_pb_column type=&#8221;3_5&#8243; _builder_version=&#8221;4.16&#8243; global_colors_info=&#8221;{}&#8221;][et_pb_text _builder_version=&#8221;4.16&#8243; global_colors_info=&#8221;{}&#8221;]<\/p>\n<h2><span style=\"color: #0c71c3;\"><strong>Trung t\u00e2m B\u1ea3o tr\u1ee3 Tr\u1ebb em<\/strong><\/span><\/h2>\n<p><span style=\"font-size: medium;\">Trung t\u00e2m B\u1ea3o tr\u1ee3 Tr\u1ebb em l\u00e0 m\u00e1i \u1ea5m cho tr\u1ebb em kh\u00f4ng c\u00f3 cha m\u1eb9 ho\u1eb7c gia \u0111\u00ecnh kh\u00f4ng c\u00f3 kh\u1ea3 n\u0103ng ch\u0103m s\u00f3c.\u00a0<\/span><\/p>\n<p><span style=\"font-size: medium;\">K\u1ec3 t\u1eeb 2006, ch\u00fang t\u00f4i \u0111\u00e3 cung c\u1ea5p gi\u00e1o d\u1ee5c, \u0111\u1ecbnh h\u01b0\u1edbng ngh\u1ec1 nghi\u1ec7p, \u0111\u00e0o t\u1ea1o k\u1ef9 n\u0103ng s\u1ed1ng, h\u1ecdc b\u1ed5ng \u0111\u1ea1i h\u1ecdc v\u00e0 ho\u1ea1t \u0111\u1ed9ng gi\u1ea3i tr\u00ed cho tr\u1ebb em t\u1ea1i trung t\u00e2m. M\u1ee5c \u0111\u00edch c\u1ee7a ch\u00fang t\u00f4i l\u00e0 h\u1ed7 tr\u1ee3 t\u1ed1t nh\u1ea5t c\u00f3 th\u1ec3 \u0111\u1ec3 gi\u00fap tr\u1ebb em t\u1ea1i trung t\u00e2m c\u00f3 \u0111\u01b0\u1ee3c tu\u1ed5i th\u01a1 \u0111\u1ea7y \u1eafp ni\u1ec1m vui v\u00e0 t\u1ef1 l\u1eadp trong m\u1ed9t t\u01b0\u01a1ng lai t\u01b0\u01a1i s\u00e1ng.\u00a0<\/span><\/p>\n<p>[\/et_pb_text][et_pb_button button_url=&#8221;\/our-work\/hue-childrens-shelter\/&#8221; button_text=&#8221;Xem th\u00eam&#8221; _builder_version=&#8221;4.27.0&#8243; custom_button=&#8221;on&#8221; button_text_color=&#8221;#ffffff&#8221; button_bg_color=&#8221;#0c71c3&#8243; background_layout=&#8221;dark&#8221; hover_enabled=&#8221;0&#8243; global_colors_info=&#8221;{}&#8221; sticky_enabled=&#8221;0&#8243;][\/et_pb_button][\/et_pb_column][et_pb_column type=&#8221;2_5&#8243; _builder_version=&#8221;4.16&#8243; global_colors_info=&#8221;{}&#8221;][et_pb_image src=&#8221;https:\/\/huehelp.org\/wp-content\/uploads\/2020\/01\/hcs2-300&#215;300.png&#8221; _builder_version=&#8221;4.16&#8243; global_colors_info=&#8221;{}&#8221;][\/et_pb_image][\/et_pb_column][\/et_pb_row][\/et_pb_section][et_pb_section fb_built=&#8221;1&#8243; admin_label=&#8221;Not Dead Header Slider &#8211; Freddie&#8221; module_class=&#8221;frddie_all_dead_header_hero&#8221; _builder_version=&#8221;4.16&#8243; background_size=&#8221;contain&#8221; background_position=&#8221;top_right&#8221; custom_padding=&#8221;0px||0px&#8221; z_index_tablet=&#8221;500&#8243; custom_css_main_element=&#8221;    overflow: hidden !important;&#8221; locked=&#8221;off&#8221; global_colors_info=&#8221;{}&#8221;][\/et_pb_section]<\/p>\n","protected":false},"excerpt":{"rendered":"<p>&nbsp; Hue Help l\u00e0m vi\u1ec7c \u0111\u1ec3 ph\u00f2ng ch\u1ed1ng \u0111u\u1ed1i n\u01b0\u1edbc \u1edf tr\u1ebb em v\u00e0 gi\u00fap cho tr\u1ebb em m\u1ed9t t\u01b0\u01a1ng lai t\u01b0\u01a1i s\u00e1ng.\u00a0Ch\u00fang t\u00f4i l\u00e0m g\u00ec S\u1ee9 m\u1ec7nh c\u1ee7a ch\u00fang t\u00f4i S\u1ee9 m\u1ec7nh c\u1ee7a ch\u00fang t\u00f4i l\u00e0 c\u1ea3i thi\u1ec7n s\u1ee9c kh\u1ecfe, gi\u00e1o d\u1ee5c v\u00e0 t\u01b0\u01a1ng lai cho tr\u1ebb em Vi\u1ec7t Nam. Ch\u00fang t\u00f4i l\u00e0m vi\u1ec7c [&hellip;]<\/p>\n","protected":false},"author":1,"featured_media":0,"parent":0,"menu_order":0,"comment_status":"closed","ping_status":"closed","template":"","meta":{"_et_pb_use_builder":"on","_et_pb_old_content":"","_et_gb_content_width":"","_monsterinsights_skip_tracking":false,"_monsterinsights_sitenote_active":false,"_monsterinsights_sitenote_note":"","_monsterinsights_sitenote_category":0,"footnotes":""},"class_list":["post-262764","page","type-page","status-publish","hentry"],"yoast_head":"<!-- This site is optimized with the Yoast SEO plugin v24.0 - https:\/\/yoast.com\/wordpress\/plugins\/seo\/ -->\n<title>Our work - Hue Help<\/title>\n<meta name=\"robots\" content=\"index, follow, max-snippet:-1, max-image-preview:large, max-video-preview:-1\" \/>\n<link rel=\"canonical\" href=\"https:\/\/huehelp.org\/vi\/our-work\/\" \/>\n<meta property=\"og:locale\" content=\"vi_VN\" \/>\n<meta property=\"og:type\" content=\"article\" \/>\n<meta property=\"og:title\" content=\"Our work - Hue Help\" \/>\n<meta property=\"og:description\" content=\"&nbsp; Hue Help l\u00e0m vi\u1ec7c \u0111\u1ec3 ph\u00f2ng ch\u1ed1ng \u0111u\u1ed1i n\u01b0\u1edbc \u1edf tr\u1ebb em v\u00e0 gi\u00fap cho tr\u1ebb em m\u1ed9t t\u01b0\u01a1ng lai t\u01b0\u01a1i s\u00e1ng.\u00a0Ch\u00fang t\u00f4i l\u00e0m g\u00ec S\u1ee9 m\u1ec7nh c\u1ee7a ch\u00fang t\u00f4i S\u1ee9 m\u1ec7nh c\u1ee7a ch\u00fang t\u00f4i l\u00e0 c\u1ea3i thi\u1ec7n s\u1ee9c kh\u1ecfe, gi\u00e1o d\u1ee5c v\u00e0 t\u01b0\u01a1ng lai cho tr\u1ebb em Vi\u1ec7t Nam. Ch\u00fang t\u00f4i l\u00e0m vi\u1ec7c [&hellip;]\" \/>\n<meta property=\"og:url\" content=\"https:\/\/huehelp.org\/vi\/our-work\/\" \/>\n<meta property=\"og:site_name\" content=\"Hue Help\" \/>\n<meta property=\"article:modified_time\" content=\"2024-09-11T17:02:45+00:00\" \/>\n<meta name=\"twitter:card\" content=\"summary_large_image\" \/>\n<meta name=\"twitter:label1\" content=\"Est. reading time\" \/>\n\t<meta name=\"twitter:data1\" content=\"5 minutes\" \/>\n<script type=\"application\/ld+json\" class=\"yoast-schema-graph\">{\"@context\":\"https:\/\/schema.org\",\"@graph\":[{\"@type\":\"WebPage\",\"@id\":\"https:\/\/huehelp.org\/vi\/our-work\/\",\"url\":\"https:\/\/huehelp.org\/vi\/our-work\/\",\"name\":\"Our work - Hue Help\",\"isPartOf\":{\"@id\":\"https:\/\/huehelp.org\/vi\/#website\"},\"datePublished\":\"2020-01-24T08:38:05+00:00\",\"dateModified\":\"2024-09-11T17:02:45+00:00\",\"breadcrumb\":{\"@id\":\"https:\/\/huehelp.org\/vi\/our-work\/#breadcrumb\"},\"inLanguage\":\"vi-VN\",\"potentialAction\":[{\"@type\":\"ReadAction\",\"target\":[\"https:\/\/huehelp.org\/vi\/our-work\/\"]}]},{\"@type\":\"BreadcrumbList\",\"@id\":\"https:\/\/huehelp.org\/vi\/our-work\/#breadcrumb\",\"itemListElement\":[{\"@type\":\"ListItem\",\"position\":1,\"name\":\"Home\",\"item\":\"https:\/\/huehelp.org\/vi\/\"},{\"@type\":\"ListItem\",\"position\":2,\"name\":\"Our work\"}]},{\"@type\":\"WebSite\",\"@id\":\"https:\/\/huehelp.org\/vi\/#website\",\"url\":\"https:\/\/huehelp.org\/vi\/\",\"name\":\"Hue Help\",\"description\":\"Hue Help Children&#039;s Charity in Vietnam\",\"potentialAction\":[{\"@type\":\"SearchAction\",\"target\":{\"@type\":\"EntryPoint\",\"urlTemplate\":\"https:\/\/huehelp.org\/vi\/?s={search_term_string}\"},\"query-input\":{\"@type\":\"PropertyValueSpecification\",\"valueRequired\":true,\"valueName\":\"search_term_string\"}}],\"inLanguage\":\"vi-VN\"}]}<\/script>\n<!-- \/ Yoast SEO plugin. -->","yoast_head_json":{"title":"Our work - Hue Help","robots":{"index":"index","follow":"follow","max-snippet":"max-snippet:-1","max-image-preview":"max-image-preview:large","max-video-preview":"max-video-preview:-1"},"canonical":"https:\/\/huehelp.org\/vi\/our-work\/","og_locale":"vi_VN","og_type":"article","og_title":"Our work - Hue Help","og_description":"&nbsp; Hue Help l\u00e0m vi\u1ec7c \u0111\u1ec3 ph\u00f2ng ch\u1ed1ng \u0111u\u1ed1i n\u01b0\u1edbc \u1edf tr\u1ebb em v\u00e0 gi\u00fap cho tr\u1ebb em m\u1ed9t t\u01b0\u01a1ng lai t\u01b0\u01a1i s\u00e1ng.\u00a0Ch\u00fang t\u00f4i l\u00e0m g\u00ec S\u1ee9 m\u1ec7nh c\u1ee7a ch\u00fang t\u00f4i S\u1ee9 m\u1ec7nh c\u1ee7a ch\u00fang t\u00f4i l\u00e0 c\u1ea3i thi\u1ec7n s\u1ee9c kh\u1ecfe, gi\u00e1o d\u1ee5c v\u00e0 t\u01b0\u01a1ng lai cho tr\u1ebb em Vi\u1ec7t Nam. Ch\u00fang t\u00f4i l\u00e0m vi\u1ec7c [&hellip;]","og_url":"https:\/\/huehelp.org\/vi\/our-work\/","og_site_name":"Hue Help","article_modified_time":"2024-09-11T17:02:45+00:00","twitter_card":"summary_large_image","twitter_misc":{"Est. reading time":"5 minutes"},"schema":{"@context":"https:\/\/schema.org","@graph":[{"@type":"WebPage","@id":"https:\/\/huehelp.org\/vi\/our-work\/","url":"https:\/\/huehelp.org\/vi\/our-work\/","name":"Our work - Hue Help","isPartOf":{"@id":"https:\/\/huehelp.org\/vi\/#website"},"datePublished":"2020-01-24T08:38:05+00:00","dateModified":"2024-09-11T17:02:45+00:00","breadcrumb":{"@id":"https:\/\/huehelp.org\/vi\/our-work\/#breadcrumb"},"inLanguage":"vi-VN","potentialAction":[{"@type":"ReadAction","target":["https:\/\/huehelp.org\/vi\/our-work\/"]}]},{"@type":"BreadcrumbList","@id":"https:\/\/huehelp.org\/vi\/our-work\/#breadcrumb","itemListElement":[{"@type":"ListItem","position":1,"name":"Home","item":"https:\/\/huehelp.org\/vi\/"},{"@type":"ListItem","position":2,"name":"Our work"}]},{"@type":"WebSite","@id":"https:\/\/huehelp.org\/vi\/#website","url":"https:\/\/huehelp.org\/vi\/","name":"Hue Help","description":"Hue Help Children&#039;s Charity in Vietnam","potentialAction":[{"@type":"SearchAction","target":{"@type":"EntryPoint","urlTemplate":"https:\/\/huehelp.org\/vi\/?s={search_term_string}"},"query-input":{"@type":"PropertyValueSpecification","valueRequired":true,"valueName":"search_term_string"}}],"inLanguage":"vi-VN"}]}},"_links":{"self":[{"href":"https:\/\/huehelp.org\/vi\/wp-json\/wp\/v2\/pages\/262764","targetHints":{"allow":["GET"]}}],"collection":[{"href":"https:\/\/huehelp.org\/vi\/wp-json\/wp\/v2\/pages"}],"about":[{"href":"https:\/\/huehelp.org\/vi\/wp-json\/wp\/v2\/types\/page"}],"author":[{"embeddable":true,"href":"https:\/\/huehelp.org\/vi\/wp-json\/wp\/v2\/users\/1"}],"replies":[{"embeddable":true,"href":"https:\/\/huehelp.org\/vi\/wp-json\/wp\/v2\/comments?post=262764"}],"version-history":[{"count":8,"href":"https:\/\/huehelp.org\/vi\/wp-json\/wp\/v2\/pages\/262764\/revisions"}],"predecessor-version":[{"id":263299,"href":"https:\/\/huehelp.org\/vi\/wp-json\/wp\/v2\/pages\/262764\/revisions\/263299"}],"wp:attachment":[{"href":"https:\/\/huehelp.org\/vi\/wp-json\/wp\/v2\/media?parent=262764"}],"curies":[{"name":"wp","href":"https:\/\/api.w.org\/{rel}","templated":true}]}}